{"id":695,"date":"2024-12-17T12:40:51","date_gmt":"2024-12-17T09:40:51","guid":{"rendered":"https:\/\/karmer.hacettepe.edu.tr\/?page_id=695"},"modified":"2026-04-11T08:58:14","modified_gmt":"2026-04-11T05:58:14","slug":"ic-ve-dis-paydaslar","status":"publish","type":"page","link":"https:\/\/karmer.hacettepe.edu.tr\/en\/ic-ve-dis-paydaslar\/","title":{"rendered":"Internal and External Stakeholders"},"content":{"rendered":"<section class=\"l-section wpb_row height_custom\"><div class=\"l-section-h i-cf\"><div class=\"g-cols vc_row via_grid cols_1 laptops-cols_inherit tablets-cols_inherit mobiles-cols_1 valign_top type_default stacking_default\"><div class=\"wpb_column vc_column_container\"><div class=\"vc_column-inner\"><div class=\"wpb_text_column us_custom_1b04de86\"><div class=\"wpb_wrapper\"><p style=\"text-align: center;\"><span style=\"font-size: 28px;\"><strong>Internal Stakeholders<\/strong><\/span><\/p>\n<p style=\"text-align: center;\"><span style=\"font-size: 28px;\">Uluslararas\u0131 \u0130li\u015fkiler ve Protokoller<\/span><br \/>\n<span style=\"font-size: 28px;\">Koordinat\u00f6rl\u00fc\u011f\u00fc<\/span><\/p>\n<p style=\"text-align: center;\"><span style=\"font-size: 28px;\">Alumni Relations Coordinatorship<\/span><\/p>\n<p style=\"text-align: center;\"><span style=\"font-size: 28px;\">Department of Health, Culture and Sports<\/span><\/p>\n<p style=\"text-align: center;\"><span style=\"font-size: 28px;\">Department of Student Affairs<\/span><\/p>\n<p style=\"text-align: center;\"><span style=\"font-size: 28px;\">Press and Public Relations<\/span><\/p>\n<p style=\"text-align: center;\"><span style=\"font-size: 28px;\">Elective Courses Coordinatorship<\/span><\/p>\n<p style=\"text-align: center;\"><span style=\"font-size: 28px;\">Legal Consultancy<\/span><\/p>\n<p style=\"text-align: center;\"><span style=\"font-size: 28px;\">Disabled Student Unit<\/span><\/p>\n<p style=\"text-align: center;\"><span style=\"font-size: 28px;\"><strong>External Stakeholders<\/strong><\/span><\/p>\n<p style=\"text-align: center;\"><span style=\"font-size: 28px;\">\u0130\u015eKUR<\/span><\/p>\n<p style=\"text-align: center;\"><span style=\"font-size: 28px;\">Hacettepe University Technology Transfer Center<\/span><\/p>\n<\/div><\/div><\/div><\/div><\/div><\/div><\/section>","protected":false},"excerpt":{"rendered":"\u0130\u00e7 Payda\u015flar Uluslararas\u0131 \u0130li\u015fkiler ve Protokoller Koordinat\u00f6rl\u00fc\u011f\u00fc Mezunlarla \u0130li\u015fkiler Koordinat\u00f6rl\u00fc\u011f\u00fc Sa\u011fl\u0131k, K\u00fclt\u00fcr ve Spor Daire Ba\u015fkanl\u0131\u011f\u0131 \u00d6\u011frenci \u0130\u015fleri Daire Ba\u015fkanl\u0131\u011f\u0131 Bas\u0131n ve Halkla \u0130li\u015fkiler Se\u00e7meli Dersler Koordinat\u00f6rl\u00fc\u011f\u00fc Hukuk M\u00fc\u015favirli\u011fi Engelli \u00d6\u011frenci Birimi D\u0131\u015f Payda\u015flar \u0130\u015eKUR Hacettepe \u00dcniversitesi Teknoloji Transfer Merkezi","protected":false},"author":3,"featured_media":0,"parent":0,"menu_order":0,"comment_status":"closed","ping_status":"closed","template":"","meta":{"footnotes":""},"class_list":["post-695","page","type-page","status-publish","hentry"],"acf":[],"yoast_head":"<!-- This site is optimized with the Yoast SEO plugin v24.0 - https:\/\/yoast.com\/wordpress\/plugins\/seo\/ -->\n<title>\u0130\u00e7 ve D\u0131\u015f Payda\u015flar - Hacettepe Kariyer Merkezi<\/title>\n<meta name=\"robots\" content=\"index, follow, max-snippet:-1, max-image-preview:large, max-video-preview:-1\" \/>\n<link rel=\"canonical\" href=\"https:\/\/karmer.hacettepe.edu.tr\/en\/ic-ve-dis-paydaslar\/\" \/>\n<meta property=\"og:locale\" content=\"en_US\" \/>\n<meta property=\"og:type\" content=\"article\" \/>\n<meta property=\"og:title\" content=\"\u0130\u00e7 ve D\u0131\u015f Payda\u015flar - Hacettepe Kariyer Merkezi\" \/>\n<meta property=\"og:url\" content=\"https:\/\/karmer.hacettepe.edu.tr\/en\/ic-ve-dis-paydaslar\/\" \/>\n<meta property=\"og:site_name\" content=\"Hacettepe Kariyer Merkezi\" \/>\n<meta property=\"article:modified_time\" content=\"2026-04-11T05:58:14+00:00\" \/>\n<meta name=\"twitter:card\" content=\"summary_large_image\" \/>\n<meta name=\"twitter:label1\" content=\"Est. reading time\" \/>\n\t<meta name=\"twitter:data1\" content=\"1 minute\" \/>\n<script type=\"application\/ld+json\" class=\"yoast-schema-graph\">{\"@context\":\"https:\/\/schema.org\",\"@graph\":[{\"@type\":\"WebPage\",\"@id\":\"https:\/\/karmer.hacettepe.edu.tr\/ic-ve-dis-paydaslar\/\",\"url\":\"https:\/\/karmer.hacettepe.edu.tr\/ic-ve-dis-paydaslar\/\",\"name\":\"\u0130\u00e7 ve D\u0131\u015f Payda\u015flar - Hacettepe Kariyer Merkezi\",\"isPartOf\":{\"@id\":\"https:\/\/karmer.hacettepe.edu.tr\/#website\"},\"datePublished\":\"2024-12-17T09:40:51+00:00\",\"dateModified\":\"2026-04-11T05:58:14+00:00\",\"breadcrumb\":{\"@id\":\"https:\/\/karmer.hacettepe.edu.tr\/ic-ve-dis-paydaslar\/#breadcrumb\"},\"inLanguage\":\"en-US\",\"potentialAction\":[{\"@type\":\"ReadAction\",\"target\":[\"https:\/\/karmer.hacettepe.edu.tr\/ic-ve-dis-paydaslar\/\"]}]},{\"@type\":\"BreadcrumbList\",\"@id\":\"https:\/\/karmer.hacettepe.edu.tr\/ic-ve-dis-paydaslar\/#breadcrumb\",\"itemListElement\":[{\"@type\":\"ListItem\",\"position\":1,\"name\":\"Home\",\"item\":\"https:\/\/karmer.hacettepe.edu.tr\/\"},{\"@type\":\"ListItem\",\"position\":2,\"name\":\"\u0130\u00e7 ve D\u0131\u015f Payda\u015flar\"}]},{\"@type\":\"WebSite\",\"@id\":\"https:\/\/karmer.hacettepe.edu.tr\/#website\",\"url\":\"https:\/\/karmer.hacettepe.edu.tr\/\",\"name\":\"Hacettepe Kariyer Merkezi\",\"description\":\"\",\"potentialAction\":[{\"@type\":\"SearchAction\",\"target\":{\"@type\":\"EntryPoint\",\"urlTemplate\":\"https:\/\/karmer.hacettepe.edu.tr\/?s={search_term_string}\"},\"query-input\":{\"@type\":\"PropertyValueSpecification\",\"valueRequired\":true,\"valueName\":\"search_term_string\"}}],\"inLanguage\":\"en-US\"}]}<\/script>\n<!-- \/ Yoast SEO plugin. -->","yoast_head_json":{"title":"\u0130\u00e7 ve D\u0131\u015f Payda\u015flar - Hacettepe Kariyer Merkezi","robots":{"index":"index","follow":"follow","max-snippet":"max-snippet:-1","max-image-preview":"max-image-preview:large","max-video-preview":"max-video-preview:-1"},"canonical":"https:\/\/karmer.hacettepe.edu.tr\/en\/ic-ve-dis-paydaslar\/","og_locale":"en_US","og_type":"article","og_title":"\u0130\u00e7 ve D\u0131\u015f Payda\u015flar - Hacettepe Kariyer Merkezi","og_url":"https:\/\/karmer.hacettepe.edu.tr\/en\/ic-ve-dis-paydaslar\/","og_site_name":"Hacettepe Kariyer Merkezi","article_modified_time":"2026-04-11T05:58:14+00:00","twitter_card":"summary_large_image","twitter_misc":{"Est. reading time":"1 minute"},"schema":{"@context":"https:\/\/schema.org","@graph":[{"@type":"WebPage","@id":"https:\/\/karmer.hacettepe.edu.tr\/ic-ve-dis-paydaslar\/","url":"https:\/\/karmer.hacettepe.edu.tr\/ic-ve-dis-paydaslar\/","name":"\u0130\u00e7 ve D\u0131\u015f Payda\u015flar - Hacettepe Kariyer Merkezi","isPartOf":{"@id":"https:\/\/karmer.hacettepe.edu.tr\/#website"},"datePublished":"2024-12-17T09:40:51+00:00","dateModified":"2026-04-11T05:58:14+00:00","breadcrumb":{"@id":"https:\/\/karmer.hacettepe.edu.tr\/ic-ve-dis-paydaslar\/#breadcrumb"},"inLanguage":"en-US","potentialAction":[{"@type":"ReadAction","target":["https:\/\/karmer.hacettepe.edu.tr\/ic-ve-dis-paydaslar\/"]}]},{"@type":"BreadcrumbList","@id":"https:\/\/karmer.hacettepe.edu.tr\/ic-ve-dis-paydaslar\/#breadcrumb","itemListElement":[{"@type":"ListItem","position":1,"name":"Home","item":"https:\/\/karmer.hacettepe.edu.tr\/"},{"@type":"ListItem","position":2,"name":"\u0130\u00e7 ve D\u0131\u015f Payda\u015flar"}]},{"@type":"WebSite","@id":"https:\/\/karmer.hacettepe.edu.tr\/#website","url":"https:\/\/karmer.hacettepe.edu.tr\/","name":"Hacettepe Kariyer Merkezi","description":"","potentialAction":[{"@type":"SearchAction","target":{"@type":"EntryPoint","urlTemplate":"https:\/\/karmer.hacettepe.edu.tr\/?s={search_term_string}"},"query-input":{"@type":"PropertyValueSpecification","valueRequired":true,"valueName":"search_term_string"}}],"inLanguage":"en-US"}]}},"_links":{"self":[{"href":"https:\/\/karmer.hacettepe.edu.tr\/en\/wp-json\/wp\/v2\/pages\/695","targetHints":{"allow":["GET"]}}],"collection":[{"href":"https:\/\/karmer.hacettepe.edu.tr\/en\/wp-json\/wp\/v2\/pages"}],"about":[{"href":"https:\/\/karmer.hacettepe.edu.tr\/en\/wp-json\/wp\/v2\/types\/page"}],"author":[{"embeddable":true,"href":"https:\/\/karmer.hacettepe.edu.tr\/en\/wp-json\/wp\/v2\/users\/3"}],"replies":[{"embeddable":true,"href":"https:\/\/karmer.hacettepe.edu.tr\/en\/wp-json\/wp\/v2\/comments?post=695"}],"version-history":[{"count":10,"href":"https:\/\/karmer.hacettepe.edu.tr\/en\/wp-json\/wp\/v2\/pages\/695\/revisions"}],"predecessor-version":[{"id":1737,"href":"https:\/\/karmer.hacettepe.edu.tr\/en\/wp-json\/wp\/v2\/pages\/695\/revisions\/1737"}],"wp:attachment":[{"href":"https:\/\/karmer.hacettepe.edu.tr\/en\/wp-json\/wp\/v2\/media?parent=695"}],"curies":[{"name":"wp","href":"https:\/\/api.w.org\/{rel}","templated":true}]}}