{"id":662,"date":"2024-12-17T11:54:53","date_gmt":"2024-12-17T08:54:53","guid":{"rendered":"https:\/\/karmer.hacettepe.edu.tr\/?page_id=662"},"modified":"2026-04-11T08:59:10","modified_gmt":"2026-04-11T05:59:10","slug":"danisma-kurulu","status":"publish","type":"page","link":"https:\/\/karmer.hacettepe.edu.tr\/en\/danisma-kurulu\/","title":{"rendered":"Advisory Board"},"content":{"rendered":"<section class=\"l-section wpb_row height_custom\"><div class=\"l-section-h i-cf\"><div class=\"g-cols vc_row via_grid cols_1 laptops-cols_inherit tablets-cols_inherit mobiles-cols_1 valign_top type_default stacking_default\"><div class=\"wpb_column vc_column_container\"><div class=\"vc_column-inner\"><h3 class=\"w-text\"><span class=\"w-text-h\"><span class=\"w-text-value\">KAR\u0130YER MERKEZ\u0130 DANI\u015eMA KURULU<\/span><\/span><\/h3><div class=\"wpb_text_column us_custom_a16392b1\"><div class=\"wpb_wrapper\"><table width=\"671\">\n<tbody>\n<tr>\n<td width=\"255\">Ali Ziya ALKAR (Prof. Dr.)<\/td>\n<td width=\"416\">Faculty of Engineering<\/p>\n<p>Lecturer in the Department of Electrical and Electronics Engineering<\/td>\n<\/tr>\n<tr>\n<td width=\"255\">Ayfer AYDINER BOYLU (Prof. Dr.)<\/td>\n<td width=\"416\">Faculty of Economics and Administrative Sciences<\/p>\n<p>Lecturer In Family and Consumer Sciences<\/td>\n<\/tr>\n<tr>\n<td width=\"255\">Birsen \u015eahin K\u00dcT\u00dcK (Prof. Dr.)<\/td>\n<td width=\"416\">Director of Youth Studies Application and Research Center<\/p>\n<p>Faculty of Literature<\/p>\n<p>Faculty Member, Department of Sociology<\/td>\n<\/tr>\n<tr>\n<td width=\"255\">Cem BAYRAM (Do\u00e7. Dr.)<\/td>\n<td width=\"416\">Hacettepe University Advanced Technologies Application and Research Center Director Assist.<\/p>\n<p>Department of Nanotechnology and Nanomedicine Faculty Member<\/td>\n<\/tr>\n<tr>\n<td width=\"255\">Cem KILI\u00c7 (Prof. Dr.)<\/td>\n<td width=\"416\">TOBB University of Economics and Technology<\/p>\n<p>Faculty of Economics and Administrative Sciences, Department of International Entrepreneurship<\/td>\n<\/tr>\n<tr>\n<td width=\"255\">Gamze Ekici \u00c7A\u011eLAR (Prof. Dr.)<\/td>\n<td width=\"416\">Faculty of Health Sciences<\/p>\n<p>Faculty Member of Occupational Therapy Department<\/td>\n<\/tr>\n<tr>\n<td width=\"255\">Halil VURAL (Prof. Dr.)<\/td>\n<td width=\"416\">Dean of the Faculty of Engineering<\/p>\n<p>Faculty Member of the Department of Food Engineering<\/td>\n<\/tr>\n<tr>\n<td width=\"255\">H\u00fclya G\u00f6kmen \u00d6ZEL (Prof. Dr.)<\/td>\n<td width=\"416\">Faculty of Health Sciences<\/p>\n<p>Lecturer in the Department of Nutrition and Dietetics<\/td>\n<\/tr>\n<tr>\n<td width=\"255\">\u0130smail KARAHAN (M\u00fchendis)<\/td>\n<td width=\"416\">General Manager of Hacettepe Teknokent A.\u015e.<\/td>\n<\/tr>\n<tr>\n<td width=\"255\">Mehmet Akif AYARLIO\u011eLU (\u00d6\u011fr. G\u00f6r. Dr.)<\/td>\n<td width=\"416\">Director of Vocational School of Social Sciences<\/td>\n<\/tr>\n<tr>\n<td width=\"255\">Mete YILDIZ (Prof. Dr.)<\/td>\n<td width=\"416\">Faculty of Economics and Administrative Sciences<\/p>\n<p>Lecturer, Department of Political Science and Public Administration<\/td>\n<\/tr>\n<tr>\n<td width=\"255\">Pelin VAROL \u0130Y\u0130DO\u011eAN (Prof. Dr.)<\/td>\n<td width=\"416\">Faculty of Economics and Administrative Sciences Dean Assist.<\/p>\n<p>Lecturer in the Department of Finance<\/td>\n<\/tr>\n<tr>\n<td width=\"255\">Rahime \u015e\u0130M\u015eEK (Prof. Dr.)<\/td>\n<td width=\"416\">Alumni Communication Coordinator<\/p>\n<p>Faculty of Pharmacy<\/p>\n<p>Faculty Member of Department of Pharmacy Vocational Sciences<\/td>\n<\/tr>\n<tr>\n<td width=\"255\">Rauf KARASU (Prof. Dr.)<\/td>\n<td width=\"416\">Faculty of Law<\/p>\n<p>Lecturer at the Department of Public Law<\/td>\n<\/tr>\n<tr>\n<td width=\"255\">Sava\u015f CEYLAN (Do\u00e7. Dr.)<\/td>\n<td width=\"416\">Faculty of Education<\/p>\n<p>Lecturer in the Department of Psychology<\/td>\n<\/tr>\n<tr>\n<td width=\"255\">Semra G\u00dcNEY (Prof. Dr.)<\/td>\n<td width=\"416\">Faculty of Economics and Administrative Sciences<\/p>\n<p>\u0130\u015fletme B\u00f6l\u00fcm\u00fc \u00d6\u011fretim \u00dcyesi<\/td>\n<\/tr>\n<tr>\n<td width=\"255\">Semra \u0130DE (Prof. Dr.)<\/td>\n<td width=\"416\">Faculty of Engineering<\/p>\n<p>Faculty Member of the Department of Physics Engineering<\/td>\n<\/tr>\n<tr>\n<td width=\"255\">U\u011fur SAD\u0130O\u011eLU (Prof. Dr.)<\/td>\n<td width=\"416\">\u0130leti\u015fim Fak\u00fcltesi Dekan\u0131<\/p>\n<p>Faculty of Economics and Administrative Sciences<\/p>\n<p>Department of Political Science and Public Administration<\/td>\n<\/tr>\n<tr>\n<td width=\"255\">\u00dcmit S\u00fcha \u00dcNAL (Avukat)<\/td>\n<td width=\"416\">Hacettepe University Alumni Association President<\/td>\n<\/tr>\n<tr>\n<td width=\"255\">Zehra B\u00dcY\u00dcKTUNCER DEM\u0130REL (Prof. Dr.)<\/td>\n<td width=\"416\">Head of Nutrition and Dietetics Department<\/p>\n<p>Faculty of Health Sciences<\/p>\n<p>Lecturer in the Department of Nutrition and Dietetics<\/td>\n<\/tr>\n<\/tbody>\n<\/table>\n<\/div><\/div><\/div><\/div><\/div><\/div><\/section>","protected":false},"excerpt":{"rendered":"KAR\u0130YER MERKEZ\u0130 DANI\u015eMA KURULU Ali Ziya ALKAR (Prof. Dr.) M\u00fchendislik Fak\u00fcltesi Elektrik ve Elektronik M\u00fchendisli\u011fi B\u00f6l\u00fcm\u00fc \u00d6\u011fretim \u00dcyesi Ayfer AYDINER BOYLU (Prof. Dr.) \u0130ktisadi ve \u0130dari Bilimler Fak\u00fcltesi Aile ve T\u00fcketici Bilimleri B\u00f6l\u00fcm\u00fc \u00d6\u011fretim \u00dcyesi Birsen \u015eahin K\u00dcT\u00dcK (Prof. Dr.) Gen\u00e7lik Ara\u015ft\u0131rmalar\u0131 Uygulama ve Ara\u015ft\u0131rma Merkezi M\u00fcd\u00fcr\u00fc Edebiyat Fak\u00fcltesi Sosyoloji B\u00f6l\u00fcm\u00fc \u00d6\u011fretim \u00dcyesi Cem BAYRAM...","protected":false},"author":3,"featured_media":0,"parent":0,"menu_order":0,"comment_status":"closed","ping_status":"closed","template":"","meta":{"footnotes":""},"class_list":["post-662","page","type-page","status-publish","hentry"],"acf":[],"yoast_head":"<!-- This site is optimized with the Yoast SEO plugin v24.0 - https:\/\/yoast.com\/wordpress\/plugins\/seo\/ -->\n<title>Dan\u0131\u015fma Kurulu - Hacettepe Kariyer Merkezi<\/title>\n<meta name=\"robots\" content=\"index, follow, max-snippet:-1, max-image-preview:large, max-video-preview:-1\" \/>\n<link rel=\"canonical\" href=\"https:\/\/karmer.hacettepe.edu.tr\/en\/danisma-kurulu\/\" \/>\n<meta property=\"og:locale\" content=\"en_US\" \/>\n<meta property=\"og:type\" content=\"article\" \/>\n<meta property=\"og:title\" content=\"Dan\u0131\u015fma Kurulu - Hacettepe Kariyer Merkezi\" \/>\n<meta property=\"og:url\" content=\"https:\/\/karmer.hacettepe.edu.tr\/en\/danisma-kurulu\/\" \/>\n<meta property=\"og:site_name\" content=\"Hacettepe Kariyer Merkezi\" \/>\n<meta property=\"article:modified_time\" content=\"2026-04-11T05:59:10+00:00\" \/>\n<meta name=\"twitter:card\" content=\"summary_large_image\" \/>\n<meta name=\"twitter:label1\" content=\"Est. reading time\" \/>\n\t<meta name=\"twitter:data1\" content=\"2 minutes\" \/>\n<script type=\"application\/ld+json\" class=\"yoast-schema-graph\">{\"@context\":\"https:\/\/schema.org\",\"@graph\":[{\"@type\":\"WebPage\",\"@id\":\"https:\/\/karmer.hacettepe.edu.tr\/danisma-kurulu\/\",\"url\":\"https:\/\/karmer.hacettepe.edu.tr\/danisma-kurulu\/\",\"name\":\"Dan\u0131\u015fma Kurulu - Hacettepe Kariyer Merkezi\",\"isPartOf\":{\"@id\":\"https:\/\/karmer.hacettepe.edu.tr\/#website\"},\"datePublished\":\"2024-12-17T08:54:53+00:00\",\"dateModified\":\"2026-04-11T05:59:10+00:00\",\"breadcrumb\":{\"@id\":\"https:\/\/karmer.hacettepe.edu.tr\/danisma-kurulu\/#breadcrumb\"},\"inLanguage\":\"en-US\",\"potentialAction\":[{\"@type\":\"ReadAction\",\"target\":[\"https:\/\/karmer.hacettepe.edu.tr\/danisma-kurulu\/\"]}]},{\"@type\":\"BreadcrumbList\",\"@id\":\"https:\/\/karmer.hacettepe.edu.tr\/danisma-kurulu\/#breadcrumb\",\"itemListElement\":[{\"@type\":\"ListItem\",\"position\":1,\"name\":\"Home\",\"item\":\"https:\/\/karmer.hacettepe.edu.tr\/\"},{\"@type\":\"ListItem\",\"position\":2,\"name\":\"Dan\u0131\u015fma Kurulu\"}]},{\"@type\":\"WebSite\",\"@id\":\"https:\/\/karmer.hacettepe.edu.tr\/#website\",\"url\":\"https:\/\/karmer.hacettepe.edu.tr\/\",\"name\":\"Hacettepe Kariyer Merkezi\",\"description\":\"\",\"potentialAction\":[{\"@type\":\"SearchAction\",\"target\":{\"@type\":\"EntryPoint\",\"urlTemplate\":\"https:\/\/karmer.hacettepe.edu.tr\/?s={search_term_string}\"},\"query-input\":{\"@type\":\"PropertyValueSpecification\",\"valueRequired\":true,\"valueName\":\"search_term_string\"}}],\"inLanguage\":\"en-US\"}]}<\/script>\n<!-- \/ Yoast SEO plugin. -->","yoast_head_json":{"title":"Dan\u0131\u015fma Kurulu - Hacettepe Kariyer Merkezi","robots":{"index":"index","follow":"follow","max-snippet":"max-snippet:-1","max-image-preview":"max-image-preview:large","max-video-preview":"max-video-preview:-1"},"canonical":"https:\/\/karmer.hacettepe.edu.tr\/en\/danisma-kurulu\/","og_locale":"en_US","og_type":"article","og_title":"Dan\u0131\u015fma Kurulu - Hacettepe Kariyer Merkezi","og_url":"https:\/\/karmer.hacettepe.edu.tr\/en\/danisma-kurulu\/","og_site_name":"Hacettepe Kariyer Merkezi","article_modified_time":"2026-04-11T05:59:10+00:00","twitter_card":"summary_large_image","twitter_misc":{"Est. reading time":"2 minutes"},"schema":{"@context":"https:\/\/schema.org","@graph":[{"@type":"WebPage","@id":"https:\/\/karmer.hacettepe.edu.tr\/danisma-kurulu\/","url":"https:\/\/karmer.hacettepe.edu.tr\/danisma-kurulu\/","name":"Dan\u0131\u015fma Kurulu - Hacettepe Kariyer Merkezi","isPartOf":{"@id":"https:\/\/karmer.hacettepe.edu.tr\/#website"},"datePublished":"2024-12-17T08:54:53+00:00","dateModified":"2026-04-11T05:59:10+00:00","breadcrumb":{"@id":"https:\/\/karmer.hacettepe.edu.tr\/danisma-kurulu\/#breadcrumb"},"inLanguage":"en-US","potentialAction":[{"@type":"ReadAction","target":["https:\/\/karmer.hacettepe.edu.tr\/danisma-kurulu\/"]}]},{"@type":"BreadcrumbList","@id":"https:\/\/karmer.hacettepe.edu.tr\/danisma-kurulu\/#breadcrumb","itemListElement":[{"@type":"ListItem","position":1,"name":"Home","item":"https:\/\/karmer.hacettepe.edu.tr\/"},{"@type":"ListItem","position":2,"name":"Dan\u0131\u015fma Kurulu"}]},{"@type":"WebSite","@id":"https:\/\/karmer.hacettepe.edu.tr\/#website","url":"https:\/\/karmer.hacettepe.edu.tr\/","name":"Hacettepe Kariyer Merkezi","description":"","potentialAction":[{"@type":"SearchAction","target":{"@type":"EntryPoint","urlTemplate":"https:\/\/karmer.hacettepe.edu.tr\/?s={search_term_string}"},"query-input":{"@type":"PropertyValueSpecification","valueRequired":true,"valueName":"search_term_string"}}],"inLanguage":"en-US"}]}},"_links":{"self":[{"href":"https:\/\/karmer.hacettepe.edu.tr\/en\/wp-json\/wp\/v2\/pages\/662","targetHints":{"allow":["GET"]}}],"collection":[{"href":"https:\/\/karmer.hacettepe.edu.tr\/en\/wp-json\/wp\/v2\/pages"}],"about":[{"href":"https:\/\/karmer.hacettepe.edu.tr\/en\/wp-json\/wp\/v2\/types\/page"}],"author":[{"embeddable":true,"href":"https:\/\/karmer.hacettepe.edu.tr\/en\/wp-json\/wp\/v2\/users\/3"}],"replies":[{"embeddable":true,"href":"https:\/\/karmer.hacettepe.edu.tr\/en\/wp-json\/wp\/v2\/comments?post=662"}],"version-history":[{"count":24,"href":"https:\/\/karmer.hacettepe.edu.tr\/en\/wp-json\/wp\/v2\/pages\/662\/revisions"}],"predecessor-version":[{"id":1738,"href":"https:\/\/karmer.hacettepe.edu.tr\/en\/wp-json\/wp\/v2\/pages\/662\/revisions\/1738"}],"wp:attachment":[{"href":"https:\/\/karmer.hacettepe.edu.tr\/en\/wp-json\/wp\/v2\/media?parent=662"}],"curies":[{"name":"wp","href":"https:\/\/api.w.org\/{rel}","templated":true}]}}