{"id":541,"date":"2024-12-09T10:59:34","date_gmt":"2024-12-09T07:59:34","guid":{"rendered":"https:\/\/karmer.hacettepe.edu.tr\/?page_id=541"},"modified":"2025-06-12T09:24:08","modified_gmt":"2025-06-12T06:24:08","slug":"yonetim-kurulu","status":"publish","type":"page","link":"https:\/\/karmer.hacettepe.edu.tr\/en\/yonetim-kurulu\/","title":{"rendered":"Executive Board"},"content":{"rendered":"<section class=\"l-section wpb_row height_auto width_full\"><div class=\"l-section-h i-cf\"><div class=\"g-cols vc_row via_grid cols_1 laptops-cols_inherit tablets-cols_inherit mobiles-cols_1 valign_top type_default stacking_default\"><div class=\"wpb_column vc_column_container\"><div class=\"vc_column-inner\"><div class=\"w-image us_custom_fb1faa3c align_center\"><div class=\"w-image-h\"><img decoding=\"async\" width=\"2560\" height=\"861\" src=\"https:\/\/karmer.hacettepe.edu.tr\/wp-content\/uploads\/2024\/12\/\u2014Pngtree\u2014photo-of-a-red-paper_15789233-scaled.jpg\" class=\"attachment-full size-full\" alt=\"\" loading=\"lazy\" srcset=\"https:\/\/karmer.hacettepe.edu.tr\/wp-content\/uploads\/2024\/12\/\u2014Pngtree\u2014photo-of-a-red-paper_15789233-scaled.jpg 2560w, https:\/\/karmer.hacettepe.edu.tr\/wp-content\/uploads\/2024\/12\/\u2014Pngtree\u2014photo-of-a-red-paper_15789233-300x101.jpg 300w, https:\/\/karmer.hacettepe.edu.tr\/wp-content\/uploads\/2024\/12\/\u2014Pngtree\u2014photo-of-a-red-paper_15789233-1024x344.jpg 1024w\" sizes=\"auto, (max-width: 2560px) 100vw, 2560px\" \/><\/div><\/div><\/div><\/div><\/div><\/div><\/section><section class=\"l-section wpb_row us_custom_eb849559 height_auto width_full\"><div class=\"l-section-h i-cf\"><div class=\"g-cols vc_row via_grid cols_1 laptops-cols_inherit tablets-cols_inherit mobiles-cols_1 valign_top type_default stacking_default\"><div class=\"wpb_column vc_column_container\"><div class=\"vc_column-inner\"><h2 class=\"w-text us_custom_4f1ebe85 us_animate_this\"><span class=\"w-text-h\"><span class=\"w-text-value\">KARMER EXECUTIVE BOARD<\/span><\/span><\/h2><\/div><\/div><\/div><\/div><\/section><section class=\"l-section wpb_row height_auto width_custom\" style=\"--site-content-width:320px;\"><div class=\"l-section-h i-cf\"><div class=\"g-cols vc_row via_grid cols_1 laptops-cols_inherit tablets-cols_inherit mobiles-cols_1 valign_top type_default stacking_default\"><div class=\"wpb_column vc_column_container\"><div class=\"vc_column-inner\"><div class=\"w-person us_custom_3a30d1e2 layout_circle with_desc with_socials\" itemscope itemtype=\"https:\/\/schema.org\/Person\"><div class=\"w-person-image\"><a href=\"https:\/\/avesis.hacettepe.edu.tr\/sozturk\" class=\"w-person-link\" aria-label=\"Do\u00e7. Dr. M. Serhat \u00d6ZT\u00dcRK\"><img loading=\"lazy\" decoding=\"async\" width=\"812\" height=\"903\" src=\"https:\/\/karmer.hacettepe.edu.tr\/wp-content\/uploads\/2025\/01\/profil-foto-24.jpeg\" class=\"attachment-full size-full\" alt=\"\" srcset=\"https:\/\/karmer.hacettepe.edu.tr\/wp-content\/uploads\/2025\/01\/profil-foto-24.jpeg 812w, https:\/\/karmer.hacettepe.edu.tr\/wp-content\/uploads\/2025\/01\/profil-foto-24-270x300.jpeg 270w\" sizes=\"auto, (max-width: 812px) 100vw, 812px\" \/><\/a><div class=\"w-person-links\"><div class=\"w-person-links-list\"><a href=\"mailto:sozturk@hacettepe.edu.tr\" class=\"w-person-links-item type_email\" title=\"Email\"><i class=\"fas fa-envelope\"><\/i><\/a><\/div><\/div><\/div><div class=\"w-person-content\"><a href=\"https:\/\/avesis.hacettepe.edu.tr\/sozturk\" class=\"w-person-link\" aria-label=\"Do\u00e7. Dr. M. Serhat \u00d6ZT\u00dcRK\"><h5 itemprop=\"name\" class=\"w-person-name\"><span>Do\u00e7. Dr. M. Serhat \u00d6ZT\u00dcRK<\/span><\/h5><\/a><div class=\"w-person-role\" itemprop=\"jobTitle\">M\u00fcd\u00fcr<\/div><div class=\"w-person-description\" itemprop=\"description\"><p>Faculty of Economics and Administrative Sciences<br \/>\nFamily and Consumer Sciences<br \/>\nsozturk@hacettepe.edu.tr<\/p>\n<\/div><\/div><\/div><\/div><\/div><\/div><\/div><\/section><section class=\"l-section wpb_row height_auto width_custom\" style=\"--site-content-width:640px;\"><div class=\"l-section-h i-cf\"><div class=\"g-cols vc_row via_grid cols_2 laptops-cols_2 tablets-cols_2 mobiles-cols_1 valign_top type_default stacking_default\"><div class=\"wpb_column vc_column_container\"><div class=\"vc_column-inner\"><div class=\"w-person us_custom_c3d0aa27 layout_circle with_desc with_socials\" itemscope itemtype=\"https:\/\/schema.org\/Person\"><div class=\"w-person-image\"><a href=\"https:\/\/avesis.hacettepe.edu.tr\/volkani\" class=\"w-person-link\" aria-label=\"Do\u00e7. Dr. Volkan I\u015eIK\"><img loading=\"lazy\" decoding=\"async\" width=\"150\" height=\"150\" src=\"https:\/\/karmer.hacettepe.edu.tr\/wp-content\/uploads\/2024\/12\/Profil-150x150.png\" class=\"attachment-thumbnail size-thumbnail\" alt=\"\" srcset=\"https:\/\/karmer.hacettepe.edu.tr\/wp-content\/uploads\/2024\/12\/Profil-150x150.png 150w, https:\/\/karmer.hacettepe.edu.tr\/wp-content\/uploads\/2024\/12\/Profil.png 241w\" sizes=\"auto, (max-width: 150px) 100vw, 150px\" \/><\/a><div class=\"w-person-links\"><div class=\"w-person-links-list\"><a href=\"mailto:volkani@hacettepe.edu.tr\" class=\"w-person-links-item type_email\" title=\"Email\"><i class=\"fas fa-envelope\"><\/i><\/a><\/div><\/div><\/div><div class=\"w-person-content\"><a href=\"https:\/\/avesis.hacettepe.edu.tr\/volkani\" class=\"w-person-link\" aria-label=\"Do\u00e7. Dr. Volkan I\u015eIK\"><h5 itemprop=\"name\" class=\"w-person-name\"><span>Do\u00e7. Dr. Volkan I\u015eIK<\/span><\/h5><\/a><div class=\"w-person-role\" itemprop=\"jobTitle\">M\u00fcd\u00fcr Yrd.<\/div><div class=\"w-person-description\" itemprop=\"description\"><p>Vocational School of Social Sciences<br \/>\nvolkani@hacettepe.edu.tr<\/p>\n<\/div><\/div><\/div><\/div><\/div><div class=\"wpb_column vc_column_container\"><div class=\"vc_column-inner\"><div class=\"w-person us_custom_3cd47ac5 layout_circle with_desc with_socials\" itemscope itemtype=\"https:\/\/schema.org\/Person\"><div class=\"w-person-image\"><a href=\"https:\/\/karmer.hacettepe.edu.tr\/en\/yonetim-kurulu\/\" class=\"w-person-link\" aria-label=\"Y\u00fck. M\u00fch. Funda Hanife \u00c7ET\u0130N\"><img loading=\"lazy\" decoding=\"async\" width=\"150\" height=\"150\" src=\"https:\/\/karmer.hacettepe.edu.tr\/wp-content\/uploads\/2024\/12\/1733382492298-150x150.jpeg\" class=\"attachment-thumbnail size-thumbnail\" alt=\"\" srcset=\"https:\/\/karmer.hacettepe.edu.tr\/wp-content\/uploads\/2024\/12\/1733382492298-150x150.jpeg 150w, https:\/\/karmer.hacettepe.edu.tr\/wp-content\/uploads\/2024\/12\/1733382492298.jpeg 200w\" sizes=\"auto, (max-width: 150px) 100vw, 150px\" \/><\/a><div class=\"w-person-links\"><div class=\"w-person-links-list\"><a href=\"mailto:funda@hacettepe.edu.tr\" class=\"w-person-links-item type_email\" title=\"Email\"><i class=\"fas fa-envelope\"><\/i><\/a><\/div><\/div><\/div><div class=\"w-person-content\"><a href=\"https:\/\/karmer.hacettepe.edu.tr\/en\/yonetim-kurulu\/\" class=\"w-person-link\" aria-label=\"Y\u00fck. M\u00fch. Funda Hanife \u00c7ET\u0130N\"><h6 itemprop=\"name\" class=\"w-person-name\"><span>Y\u00fck. M\u00fch. Funda Hanife \u00c7ET\u0130N<\/span><\/h6><\/a><div class=\"w-person-role\" itemprop=\"jobTitle\">M\u00fcd\u00fcr Yrd.<\/div><div class=\"w-person-description\" itemprop=\"description\"><p>Career Development Application and Research Center<br \/>\nfunda@hacettepe.edu.tr<\/p>\n<\/div><\/div><\/div><\/div><\/div><\/div><\/div><\/section><section class=\"l-section wpb_row height_auto width_custom\" style=\"--site-content-width:640px;\"><div class=\"l-section-h i-cf\"><div class=\"g-cols vc_row via_grid cols_2 laptops-cols_2 tablets-cols_2 mobiles-cols_1 valign_top type_default stacking_default\"><div class=\"wpb_column vc_column_container\"><div class=\"vc_column-inner\"><div class=\"w-person us_custom_3e96a163 layout_circle with_desc with_socials\" itemscope itemtype=\"https:\/\/schema.org\/Person\"><div class=\"w-person-image\"><a href=\"https:\/\/avesis.hacettepe.edu.tr\/nurtenkaracan\" class=\"w-person-link\" aria-label=\"Do\u00e7. Dr. Nurten Karacan \u00d6ZDEM\u0130R\"><img loading=\"lazy\" decoding=\"async\" width=\"800\" height=\"800\" src=\"https:\/\/karmer.hacettepe.edu.tr\/wp-content\/uploads\/2024\/12\/1663710171091.jpeg\" class=\"attachment-full size-full\" alt=\"\" srcset=\"https:\/\/karmer.hacettepe.edu.tr\/wp-content\/uploads\/2024\/12\/1663710171091.jpeg 800w, https:\/\/karmer.hacettepe.edu.tr\/wp-content\/uploads\/2024\/12\/1663710171091-300x300.jpeg 300w, https:\/\/karmer.hacettepe.edu.tr\/wp-content\/uploads\/2024\/12\/1663710171091-150x150.jpeg 150w\" sizes=\"auto, (max-width: 800px) 100vw, 800px\" \/><\/a><div class=\"w-person-links\"><div class=\"w-person-links-list\"><a href=\"mailto:nurtenkaracan@hacettepe.edu.tr\" class=\"w-person-links-item type_email\" title=\"Email\"><i class=\"fas fa-envelope\"><\/i><\/a><\/div><\/div><\/div><div class=\"w-person-content\"><a href=\"https:\/\/avesis.hacettepe.edu.tr\/nurtenkaracan\" class=\"w-person-link\" aria-label=\"Do\u00e7. Dr. Nurten Karacan \u00d6ZDEM\u0130R\"><h5 itemprop=\"name\" class=\"w-person-name\"><span>Do\u00e7. Dr. Nurten Karacan \u00d6ZDEM\u0130R<\/span><\/h5><\/a><div class=\"w-person-role\" itemprop=\"jobTitle\">Y\u00f6netim Kurulu \u00dcyesi<\/div><div class=\"w-person-description\" itemprop=\"description\"><p>Faculty of Education<br \/>\nDepartment of Guidance and Psychological Counseling<br \/>\nnurtenkaracan@hacettepe.edu.tr<\/p>\n<\/div><\/div><\/div><\/div><\/div><div class=\"wpb_column vc_column_container\"><div class=\"vc_column-inner\"><div class=\"w-person us_custom_3e96a163 layout_circle with_desc with_socials\" itemscope itemtype=\"https:\/\/schema.org\/Person\"><div class=\"w-person-image\"><a href=\"https:\/\/avesis.hacettepe.edu.tr\/salihbardakci\" class=\"w-person-link\" aria-label=\"Prof. Dr. Salih BARDAK\u00c7I\"><img loading=\"lazy\" decoding=\"async\" width=\"263\" height=\"263\" src=\"https:\/\/karmer.hacettepe.edu.tr\/wp-content\/uploads\/2024\/12\/SalihBardakci02.png\" class=\"attachment-full size-full\" alt=\"\" srcset=\"https:\/\/karmer.hacettepe.edu.tr\/wp-content\/uploads\/2024\/12\/SalihBardakci02.png 263w, https:\/\/karmer.hacettepe.edu.tr\/wp-content\/uploads\/2024\/12\/SalihBardakci02-150x150.png 150w\" sizes=\"auto, (max-width: 263px) 100vw, 263px\" \/><\/a><div class=\"w-person-links\"><div class=\"w-person-links-list\"><a href=\"mailto:salihbardakci@hacettepe.edu.tr\" class=\"w-person-links-item type_email\" title=\"Email\"><i class=\"fas fa-envelope\"><\/i><\/a><\/div><\/div><\/div><div class=\"w-person-content\"><a href=\"https:\/\/avesis.hacettepe.edu.tr\/salihbardakci\" class=\"w-person-link\" aria-label=\"Prof. Dr. Salih BARDAK\u00c7I\"><h5 itemprop=\"name\" class=\"w-person-name\"><span>Prof. Dr. Salih BARDAK\u00c7I<\/span><\/h5><\/a><div class=\"w-person-role\" itemprop=\"jobTitle\">Y\u00f6netim Kurulu \u00dcyesi<\/div><div class=\"w-person-description\" itemprop=\"description\"><p>Faculty of Physical Therapy and Rehabilitation Department of Physiotherapy and Rehabilitation Education and Informatics<br \/>\nsalihbardakci@hacettepe.edu.tr<\/p>\n<\/div><\/div><\/div><\/div><\/div><\/div><\/div><\/section><section class=\"l-section wpb_row us_custom_60e9caca us_animate_this height_auto width_custom\" style=\"--site-content-width:640px;\"><div class=\"l-section-h i-cf\"><div class=\"g-cols vc_row via_grid cols_2 laptops-cols_2 tablets-cols_2 mobiles-cols_1 valign_top type_default stacking_default\" style=\"--gap:1.2rem;\"><div class=\"wpb_column vc_column_container\"><div class=\"vc_column-inner\"><div class=\"w-person us_custom_256a993d layout_circle with_desc with_socials\" itemscope itemtype=\"https:\/\/schema.org\/Person\"><div class=\"w-person-image\"><a href=\"https:\/\/avesis.hacettepe.edu.tr\/hurcan.kabakci\" class=\"w-person-link\" aria-label=\"Dr. H\u00fcrcan KABAK\u00c7I\"><img loading=\"lazy\" decoding=\"async\" width=\"200\" height=\"200\" src=\"https:\/\/karmer.hacettepe.edu.tr\/wp-content\/uploads\/2024\/12\/1517447094446.jpeg\" class=\"attachment-full size-full\" alt=\"\" srcset=\"https:\/\/karmer.hacettepe.edu.tr\/wp-content\/uploads\/2024\/12\/1517447094446.jpeg 200w, https:\/\/karmer.hacettepe.edu.tr\/wp-content\/uploads\/2024\/12\/1517447094446-150x150.jpeg 150w\" sizes=\"auto, (max-width: 200px) 100vw, 200px\" \/><\/a><div class=\"w-person-links\"><div class=\"w-person-links-list\"><a href=\"mailto:hurcan@hacettepe.edu.tr\" class=\"w-person-links-item type_email\" title=\"Email\"><i class=\"fas fa-envelope\"><\/i><\/a><\/div><\/div><\/div><div class=\"w-person-content\"><a href=\"https:\/\/avesis.hacettepe.edu.tr\/hurcan.kabakci\" class=\"w-person-link\" aria-label=\"Dr. H\u00fcrcan KABAK\u00c7I\"><h5 itemprop=\"name\" class=\"w-person-name\"><span>Dr. H\u00fcrcan KABAK\u00c7I<\/span><\/h5><\/a><div class=\"w-person-role\" itemprop=\"jobTitle\">Y\u00f6netim Kurulu \u00dcyesi<\/div><div class=\"w-person-description\" itemprop=\"description\"><p>Faculty of Economics and Administrative Sciences<br \/>\nDepartment of Business Administration<br \/>\nhurcan@hacettepe.edu.tr<\/p>\n<\/div><\/div><\/div><\/div><\/div><div class=\"wpb_column vc_column_container\"><div class=\"vc_column-inner\"><div class=\"w-person us_custom_2728429b grow layout_circle with_desc with_socials\" itemscope itemtype=\"https:\/\/schema.org\/Person\"><div class=\"w-person-image\"><a href=\"https:\/\/avesis.hacettepe.edu.tr\/shcakir\" class=\"w-person-link\" aria-label=\"Dr. S\u00fcmeyye Hande AKG\u00dcN\"><img loading=\"lazy\" decoding=\"async\" width=\"200\" height=\"200\" src=\"https:\/\/karmer.hacettepe.edu.tr\/wp-content\/uploads\/2024\/12\/1718218015173.jpeg\" class=\"attachment-full size-full\" alt=\"\" srcset=\"https:\/\/karmer.hacettepe.edu.tr\/wp-content\/uploads\/2024\/12\/1718218015173.jpeg 200w, https:\/\/karmer.hacettepe.edu.tr\/wp-content\/uploads\/2024\/12\/1718218015173-150x150.jpeg 150w\" sizes=\"auto, (max-width: 200px) 100vw, 200px\" \/><\/a><div class=\"w-person-links\"><div class=\"w-person-links-list\"><a href=\"mailto:shcakir@hacettepe.edu.tr\" class=\"w-person-links-item type_email\" title=\"Email\"><i class=\"fas fa-envelope\"><\/i><\/a><\/div><\/div><\/div><div class=\"w-person-content\"><a href=\"https:\/\/avesis.hacettepe.edu.tr\/shcakir\" class=\"w-person-link\" aria-label=\"Dr. S\u00fcmeyye Hande AKG\u00dcN\"><h5 itemprop=\"name\" class=\"w-person-name\"><span>Dr. S\u00fcmeyye Hande AKG\u00dcN<\/span><\/h5><\/a><div class=\"w-person-role\" itemprop=\"jobTitle\">Y\u00f6netim Kurulu \u00dcyesi<\/div><div class=\"w-person-description\" itemprop=\"description\"><p>Faculty of Law<br \/>\nPublic Law Department<br \/>\nshcakir@hacettepe.edu.tr<\/p>\n<\/div><\/div><\/div><\/div><\/div><\/div><\/div><\/section><section class=\"l-section wpb_row us_custom_60e9caca flex us_animate_this height_auto width_custom\" style=\"--site-content-width:320px;\"><div class=\"l-section-h i-cf\"><div class=\"g-cols vc_row via_grid cols_1 laptops-cols_1 tablets-cols_1 mobiles-cols_1 valign_top type_default stacking_default\" style=\"--gap:1.2rem;\"><div class=\"wpb_column vc_column_container\"><div class=\"vc_column-inner\"><div class=\"w-person us_custom_daa5e130 layout_circle with_desc with_socials\" itemscope itemtype=\"https:\/\/schema.org\/Person\"><div class=\"w-person-image\"><a href=\"https:\/\/karmer.hacettepe.edu.tr\/en\/yonetim-kurulu\/\" class=\"w-person-link\" aria-label=\"Erdin\u00e7 KO\u00c7O\u011eLU\"><img loading=\"lazy\" decoding=\"async\" width=\"300\" height=\"300\" src=\"https:\/\/karmer.hacettepe.edu.tr\/wp-content\/uploads\/2024\/12\/erdinc-bey-foto-e1734424439198-300x300.jpeg\" class=\"attachment-medium size-medium\" alt=\"\" srcset=\"https:\/\/karmer.hacettepe.edu.tr\/wp-content\/uploads\/2024\/12\/erdinc-bey-foto-e1734424439198-300x300.jpeg 300w, https:\/\/karmer.hacettepe.edu.tr\/wp-content\/uploads\/2024\/12\/erdinc-bey-foto-e1734424439198-1024x1024.jpeg 1024w, https:\/\/karmer.hacettepe.edu.tr\/wp-content\/uploads\/2024\/12\/erdinc-bey-foto-e1734424439198-150x150.jpeg 150w, https:\/\/karmer.hacettepe.edu.tr\/wp-content\/uploads\/2024\/12\/erdinc-bey-foto-e1734424439198.jpeg 1590w\" sizes=\"auto, (max-width: 300px) 100vw, 300px\" \/><\/a><div class=\"w-person-links\"><div class=\"w-person-links-list\"><a href=\"mailto:k.erdinc@hacettepe.edu.tr\" class=\"w-person-links-item type_email\" title=\"Email\"><i class=\"fas fa-envelope\"><\/i><\/a><\/div><\/div><\/div><div class=\"w-person-content\"><a href=\"https:\/\/karmer.hacettepe.edu.tr\/en\/yonetim-kurulu\/\" class=\"w-person-link\" aria-label=\"Erdin\u00e7 KO\u00c7O\u011eLU\"><h6 itemprop=\"name\" class=\"w-person-name\"><span>Erdin\u00e7 KO\u00c7O\u011eLU<\/span><\/h6><\/a><div class=\"w-person-role\" itemprop=\"jobTitle\">\u0130dari Koordinat\u00f6r-Raport\u00f6r<\/div><div class=\"w-person-description\" itemprop=\"description\"><p>Career Development Application and Research Center<br \/>\nk.erdinc@hacettepe.edu.tr<\/p>\n<\/div><\/div><\/div><\/div><\/div><\/div><\/div><\/section>","protected":false},"excerpt":{"rendered":"KARMER Y\u00d6NET\u0130M KURULUDo\u00e7. Dr. M. Serhat \u00d6ZT\u00dcRKM\u00fcd\u00fcr\u0130ktisadi ve \u0130dari Bilimler Fak\u00fcltesi Aile ve T\u00fcketici Bilimleri sozturk@hacettepe.edu.tr Do\u00e7. Dr. Volkan I\u015eIKM\u00fcd\u00fcr Yrd.Sosyal Bilimler Meslek Y\u00fcksekokulu volkani@hacettepe.edu.tr Y\u00fck. M\u00fch. Funda Hanife \u00c7ET\u0130NM\u00fcd\u00fcr Yrd.Kariyer Geli\u015fimi Uygulama ve Ara\u015ft\u0131rma Merkezi funda@hacettepe.edu.tr Do\u00e7. Dr. Nurten Karacan \u00d6ZDEM\u0130RY\u00f6netim Kurulu \u00dcyesiE\u011fitim Fak\u00fcltesi Rehberlik ve Psikolojik Dan\u0131\u015fmanl\u0131k B\u00f6l\u00fcm\u00fc nurtenkaracan@hacettepe.edu.tr Prof. Dr. Salih BARDAK\u00c7IY\u00f6netim...","protected":false},"author":1,"featured_media":441,"parent":0,"menu_order":0,"comment_status":"closed","ping_status":"closed","template":"","meta":{"footnotes":""},"class_list":["post-541","page","type-page","status-publish","has-post-thumbnail","hentry"],"acf":[],"yoast_head":"<!-- This site is optimized with the Yoast SEO plugin v24.0 - https:\/\/yoast.com\/wordpress\/plugins\/seo\/ -->\n<title>Y\u00f6netim Kurulu - Hacettepe Kariyer Merkezi<\/title>\n<meta name=\"description\" content=\"Hacettepe \u00dcniversitesi Kariyer Merkezi Y\u00f6netim Kurulu Sayfas\u0131\" \/>\n<meta name=\"robots\" content=\"index, follow, max-snippet:-1, max-image-preview:large, max-video-preview:-1\" \/>\n<link rel=\"canonical\" href=\"https:\/\/karmer.hacettepe.edu.tr\/en\/yonetim-kurulu\/\" \/>\n<meta property=\"og:locale\" content=\"en_US\" \/>\n<meta property=\"og:type\" content=\"article\" \/>\n<meta property=\"og:title\" content=\"Y\u00f6netim Kurulu - Hacettepe Kariyer Merkezi\" \/>\n<meta property=\"og:description\" content=\"Hacettepe \u00dcniversitesi Kariyer Merkezi Y\u00f6netim Kurulu Sayfas\u0131\" \/>\n<meta property=\"og:url\" content=\"https:\/\/karmer.hacettepe.edu.tr\/en\/yonetim-kurulu\/\" \/>\n<meta property=\"og:site_name\" content=\"Hacettepe Kariyer Merkezi\" \/>\n<meta property=\"article:modified_time\" content=\"2025-06-12T06:24:08+00:00\" \/>\n<meta property=\"og:image\" content=\"https:\/\/karmer.hacettepe.edu.tr\/wp-content\/uploads\/2024\/12\/icon.png\" \/>\n\t<meta property=\"og:image:width\" content=\"144\" \/>\n\t<meta property=\"og:image:height\" content=\"144\" \/>\n\t<meta property=\"og:image:type\" content=\"image\/png\" \/>\n<meta name=\"twitter:card\" content=\"summary_large_image\" \/>\n<meta name=\"twitter:label1\" content=\"Est. reading time\" \/>\n\t<meta name=\"twitter:data1\" content=\"1 minute\" \/>\n<script type=\"application\/ld+json\" class=\"yoast-schema-graph\">{\"@context\":\"https:\/\/schema.org\",\"@graph\":[{\"@type\":\"WebPage\",\"@id\":\"https:\/\/karmer.hacettepe.edu.tr\/yonetim-kurulu\/\",\"url\":\"https:\/\/karmer.hacettepe.edu.tr\/yonetim-kurulu\/\",\"name\":\"Y\u00f6netim Kurulu - Hacettepe Kariyer Merkezi\",\"isPartOf\":{\"@id\":\"https:\/\/karmer.hacettepe.edu.tr\/#website\"},\"primaryImageOfPage\":{\"@id\":\"https:\/\/karmer.hacettepe.edu.tr\/yonetim-kurulu\/#primaryimage\"},\"image\":{\"@id\":\"https:\/\/karmer.hacettepe.edu.tr\/yonetim-kurulu\/#primaryimage\"},\"thumbnailUrl\":\"https:\/\/karmer.hacettepe.edu.tr\/wp-content\/uploads\/2024\/12\/icon.png\",\"datePublished\":\"2024-12-09T07:59:34+00:00\",\"dateModified\":\"2025-06-12T06:24:08+00:00\",\"description\":\"Hacettepe \u00dcniversitesi Kariyer Merkezi Y\u00f6netim Kurulu Sayfas\u0131\",\"breadcrumb\":{\"@id\":\"https:\/\/karmer.hacettepe.edu.tr\/yonetim-kurulu\/#breadcrumb\"},\"inLanguage\":\"en-US\",\"potentialAction\":[{\"@type\":\"ReadAction\",\"target\":[\"https:\/\/karmer.hacettepe.edu.tr\/yonetim-kurulu\/\"]}]},{\"@type\":\"ImageObject\",\"inLanguage\":\"en-US\",\"@id\":\"https:\/\/karmer.hacettepe.edu.tr\/yonetim-kurulu\/#primaryimage\",\"url\":\"https:\/\/karmer.hacettepe.edu.tr\/wp-content\/uploads\/2024\/12\/icon.png\",\"contentUrl\":\"https:\/\/karmer.hacettepe.edu.tr\/wp-content\/uploads\/2024\/12\/icon.png\",\"width\":144,\"height\":144},{\"@type\":\"BreadcrumbList\",\"@id\":\"https:\/\/karmer.hacettepe.edu.tr\/yonetim-kurulu\/#breadcrumb\",\"itemListElement\":[{\"@type\":\"ListItem\",\"position\":1,\"name\":\"Home\",\"item\":\"https:\/\/karmer.hacettepe.edu.tr\/\"},{\"@type\":\"ListItem\",\"position\":2,\"name\":\"Y\u00f6netim Kurulu\"}]},{\"@type\":\"WebSite\",\"@id\":\"https:\/\/karmer.hacettepe.edu.tr\/#website\",\"url\":\"https:\/\/karmer.hacettepe.edu.tr\/\",\"name\":\"Hacettepe Kariyer Merkezi\",\"description\":\"\",\"potentialAction\":[{\"@type\":\"SearchAction\",\"target\":{\"@type\":\"EntryPoint\",\"urlTemplate\":\"https:\/\/karmer.hacettepe.edu.tr\/?s={search_term_string}\"},\"query-input\":{\"@type\":\"PropertyValueSpecification\",\"valueRequired\":true,\"valueName\":\"search_term_string\"}}],\"inLanguage\":\"en-US\"}]}<\/script>\n<!-- \/ Yoast SEO plugin. -->","yoast_head_json":{"title":"Y\u00f6netim Kurulu - Hacettepe Kariyer Merkezi","description":"Hacettepe \u00dcniversitesi Kariyer Merkezi Y\u00f6netim Kurulu Sayfas\u0131","robots":{"index":"index","follow":"follow","max-snippet":"max-snippet:-1","max-image-preview":"max-image-preview:large","max-video-preview":"max-video-preview:-1"},"canonical":"https:\/\/karmer.hacettepe.edu.tr\/en\/yonetim-kurulu\/","og_locale":"en_US","og_type":"article","og_title":"Y\u00f6netim Kurulu - Hacettepe Kariyer Merkezi","og_description":"Hacettepe \u00dcniversitesi Kariyer Merkezi Y\u00f6netim Kurulu Sayfas\u0131","og_url":"https:\/\/karmer.hacettepe.edu.tr\/en\/yonetim-kurulu\/","og_site_name":"Hacettepe Kariyer Merkezi","article_modified_time":"2025-06-12T06:24:08+00:00","og_image":[{"width":144,"height":144,"url":"https:\/\/karmer.hacettepe.edu.tr\/wp-content\/uploads\/2024\/12\/icon.png","type":"image\/png"}],"twitter_card":"summary_large_image","twitter_misc":{"Est. reading time":"1 minute"},"schema":{"@context":"https:\/\/schema.org","@graph":[{"@type":"WebPage","@id":"https:\/\/karmer.hacettepe.edu.tr\/yonetim-kurulu\/","url":"https:\/\/karmer.hacettepe.edu.tr\/yonetim-kurulu\/","name":"Y\u00f6netim Kurulu - Hacettepe Kariyer Merkezi","isPartOf":{"@id":"https:\/\/karmer.hacettepe.edu.tr\/#website"},"primaryImageOfPage":{"@id":"https:\/\/karmer.hacettepe.edu.tr\/yonetim-kurulu\/#primaryimage"},"image":{"@id":"https:\/\/karmer.hacettepe.edu.tr\/yonetim-kurulu\/#primaryimage"},"thumbnailUrl":"https:\/\/karmer.hacettepe.edu.tr\/wp-content\/uploads\/2024\/12\/icon.png","datePublished":"2024-12-09T07:59:34+00:00","dateModified":"2025-06-12T06:24:08+00:00","description":"Hacettepe \u00dcniversitesi Kariyer Merkezi Y\u00f6netim Kurulu Sayfas\u0131","breadcrumb":{"@id":"https:\/\/karmer.hacettepe.edu.tr\/yonetim-kurulu\/#breadcrumb"},"inLanguage":"en-US","potentialAction":[{"@type":"ReadAction","target":["https:\/\/karmer.hacettepe.edu.tr\/yonetim-kurulu\/"]}]},{"@type":"ImageObject","inLanguage":"en-US","@id":"https:\/\/karmer.hacettepe.edu.tr\/yonetim-kurulu\/#primaryimage","url":"https:\/\/karmer.hacettepe.edu.tr\/wp-content\/uploads\/2024\/12\/icon.png","contentUrl":"https:\/\/karmer.hacettepe.edu.tr\/wp-content\/uploads\/2024\/12\/icon.png","width":144,"height":144},{"@type":"BreadcrumbList","@id":"https:\/\/karmer.hacettepe.edu.tr\/yonetim-kurulu\/#breadcrumb","itemListElement":[{"@type":"ListItem","position":1,"name":"Home","item":"https:\/\/karmer.hacettepe.edu.tr\/"},{"@type":"ListItem","position":2,"name":"Y\u00f6netim Kurulu"}]},{"@type":"WebSite","@id":"https:\/\/karmer.hacettepe.edu.tr\/#website","url":"https:\/\/karmer.hacettepe.edu.tr\/","name":"Hacettepe Kariyer Merkezi","description":"","potentialAction":[{"@type":"SearchAction","target":{"@type":"EntryPoint","urlTemplate":"https:\/\/karmer.hacettepe.edu.tr\/?s={search_term_string}"},"query-input":{"@type":"PropertyValueSpecification","valueRequired":true,"valueName":"search_term_string"}}],"inLanguage":"en-US"}]}},"_links":{"self":[{"href":"https:\/\/karmer.hacettepe.edu.tr\/en\/wp-json\/wp\/v2\/pages\/541","targetHints":{"allow":["GET"]}}],"collection":[{"href":"https:\/\/karmer.hacettepe.edu.tr\/en\/wp-json\/wp\/v2\/pages"}],"about":[{"href":"https:\/\/karmer.hacettepe.edu.tr\/en\/wp-json\/wp\/v2\/types\/page"}],"author":[{"embeddable":true,"href":"https:\/\/karmer.hacettepe.edu.tr\/en\/wp-json\/wp\/v2\/users\/1"}],"replies":[{"embeddable":true,"href":"https:\/\/karmer.hacettepe.edu.tr\/en\/wp-json\/wp\/v2\/comments?post=541"}],"version-history":[{"count":83,"href":"https:\/\/karmer.hacettepe.edu.tr\/en\/wp-json\/wp\/v2\/pages\/541\/revisions"}],"predecessor-version":[{"id":1408,"href":"https:\/\/karmer.hacettepe.edu.tr\/en\/wp-json\/wp\/v2\/pages\/541\/revisions\/1408"}],"wp:featuredmedia":[{"embeddable":true,"href":"https:\/\/karmer.hacettepe.edu.tr\/en\/wp-json\/wp\/v2\/media\/441"}],"wp:attachment":[{"href":"https:\/\/karmer.hacettepe.edu.tr\/en\/wp-json\/wp\/v2\/media?parent=541"}],"curies":[{"name":"wp","href":"https:\/\/api.w.org\/{rel}","templated":true}]}}