{"id":494,"date":"2024-12-06T16:45:57","date_gmt":"2024-12-06T13:45:57","guid":{"rendered":"https:\/\/karmer.hacettepe.edu.tr\/?page_id=494"},"modified":"2025-12-19T20:07:40","modified_gmt":"2025-12-19T17:07:40","slug":"ekibimiz","status":"publish","type":"page","link":"https:\/\/karmer.hacettepe.edu.tr\/en\/ekibimiz\/","title":{"rendered":"Our Team"},"content":{"rendered":"<section class=\"l-section wpb_row us_custom_8f6844da hide_on_mobiles height_auto width_full\"><div class=\"l-section-h i-cf\"><div class=\"g-cols vc_row via_grid cols_1 laptops-cols_inherit tablets-cols_inherit mobiles-cols_1 valign_top type_default stacking_default\"><div class=\"wpb_column vc_column_container\"><div class=\"vc_column-inner\"><div class=\"w-image align_center\"><div class=\"w-image-h\"><img decoding=\"async\" width=\"2560\" height=\"861\" src=\"https:\/\/karmer.hacettepe.edu.tr\/wp-content\/uploads\/2024\/12\/\u2014Pngtree\u2014photo-of-a-red-paper_15789233-scaled.jpg\" class=\"attachment-full size-full\" alt=\"\" loading=\"lazy\" srcset=\"https:\/\/karmer.hacettepe.edu.tr\/wp-content\/uploads\/2024\/12\/\u2014Pngtree\u2014photo-of-a-red-paper_15789233-scaled.jpg 2560w, https:\/\/karmer.hacettepe.edu.tr\/wp-content\/uploads\/2024\/12\/\u2014Pngtree\u2014photo-of-a-red-paper_15789233-300x101.jpg 300w, https:\/\/karmer.hacettepe.edu.tr\/wp-content\/uploads\/2024\/12\/\u2014Pngtree\u2014photo-of-a-red-paper_15789233-1024x344.jpg 1024w\" sizes=\"auto, (max-width: 2560px) 100vw, 2560px\" \/><\/div><\/div><\/div><\/div><\/div><\/div><\/section><section class=\"l-section wpb_row height_small\"><div class=\"l-section-h i-cf\"><div class=\"g-cols vc_row via_grid cols_1 laptops-cols_inherit tablets-cols_inherit mobiles-cols_1 valign_top type_default stacking_default\"><div class=\"wpb_column vc_column_container\"><div class=\"vc_column-inner\"><h2 class=\"w-text us_custom_8dfe3592 us_animate_this\"><span class=\"w-text-h\"><span class=\"w-text-value\">Our Team<\/span><\/span><\/h2><\/div><\/div><\/div><\/div><\/section><section class=\"l-section wpb_row height_small width_custom\" style=\"--site-content-width:300px;\"><div class=\"l-section-h i-cf\"><div class=\"g-cols vc_row via_grid cols_1 laptops-cols_inherit tablets-cols_inherit mobiles-cols_1 valign_top type_default stacking_default\"><div class=\"wpb_column vc_column_container\"><div class=\"vc_column-inner\"><div class=\"w-person us_custom_f4c5c449 layout_circle with_desc with_socials\" itemscope itemtype=\"https:\/\/schema.org\/Person\"><div class=\"w-person-image\"><a href=\"https:\/\/avesis.hacettepe.edu.tr\/sozturk\" class=\"w-person-link\" aria-label=\"Do\u00e7. Dr. M. Serhat \u00d6ZT\u00dcRK\"><img loading=\"lazy\" decoding=\"async\" width=\"812\" height=\"903\" src=\"https:\/\/karmer.hacettepe.edu.tr\/wp-content\/uploads\/2024\/12\/sozturk.jpeg\" class=\"attachment-full size-full\" alt=\"\" srcset=\"https:\/\/karmer.hacettepe.edu.tr\/wp-content\/uploads\/2024\/12\/sozturk.jpeg 812w, https:\/\/karmer.hacettepe.edu.tr\/wp-content\/uploads\/2024\/12\/sozturk-270x300.jpeg 270w\" sizes=\"auto, (max-width: 812px) 100vw, 812px\" \/><\/a><div class=\"w-person-links\"><div class=\"w-person-links-list\"><a href=\"mailto:sozturk@hacettepe.edu.tr\" class=\"w-person-links-item type_email\" title=\"Email\"><i class=\"fas fa-envelope\"><\/i><\/a><\/div><\/div><\/div><div class=\"w-person-content\"><a href=\"https:\/\/avesis.hacettepe.edu.tr\/sozturk\" class=\"w-person-link\" aria-label=\"Do\u00e7. Dr. M. Serhat \u00d6ZT\u00dcRK\"><h6 itemprop=\"name\" class=\"w-person-name\"><span>Do\u00e7. Dr. M. Serhat \u00d6ZT\u00dcRK<\/span><\/h6><\/a><div class=\"w-person-role\" itemprop=\"jobTitle\">M\u00fcd\u00fcr<\/div><div class=\"w-person-description\" itemprop=\"description\"><p>sozturk@hacettepe.edu.tr<\/p>\n<\/div><\/div><\/div><\/div><\/div><\/div><\/div><\/section><section class=\"l-section wpb_row height_small width_custom\" style=\"--site-content-width:600px;\"><div class=\"l-section-h i-cf\"><div class=\"g-cols vc_row via_grid cols_2 laptops-cols_2 tablets-cols_2 mobiles-cols_1 valign_middle type_default stacking_default\"><div class=\"wpb_column vc_column_container\"><div class=\"vc_column-inner\"><div class=\"w-person us_custom_f4c5c449 layout_circle with_desc with_socials\" itemscope itemtype=\"https:\/\/schema.org\/Person\"><div class=\"w-person-image\"><a href=\"https:\/\/avesis.hacettepe.edu.tr\/volkani\" class=\"w-person-link\" aria-label=\"Do\u00e7. Dr. Volkan I\u015eIK\"><img loading=\"lazy\" decoding=\"async\" width=\"241\" height=\"241\" src=\"https:\/\/karmer.hacettepe.edu.tr\/wp-content\/uploads\/2024\/12\/Profil.png\" class=\"attachment-full size-full\" alt=\"\" srcset=\"https:\/\/karmer.hacettepe.edu.tr\/wp-content\/uploads\/2024\/12\/Profil.png 241w, https:\/\/karmer.hacettepe.edu.tr\/wp-content\/uploads\/2024\/12\/Profil-150x150.png 150w\" sizes=\"auto, (max-width: 241px) 100vw, 241px\" \/><\/a><div class=\"w-person-links\"><div class=\"w-person-links-list\"><a href=\"mailto:volkani@hacettepe.edu.tr\" class=\"w-person-links-item type_email\" title=\"Email\"><i class=\"fas fa-envelope\"><\/i><\/a><\/div><\/div><\/div><div class=\"w-person-content\"><a href=\"https:\/\/avesis.hacettepe.edu.tr\/volkani\" class=\"w-person-link\" aria-label=\"Do\u00e7. Dr. Volkan I\u015eIK\"><h6 itemprop=\"name\" class=\"w-person-name\"><span>Do\u00e7. Dr. Volkan I\u015eIK<\/span><\/h6><\/a><div class=\"w-person-role\" itemprop=\"jobTitle\">M\u00fcd\u00fcr Yard\u0131mc\u0131s\u0131<\/div><div class=\"w-person-description\" itemprop=\"description\"><p>volkani@hacettepe.edu.tr<\/p>\n<\/div><\/div><\/div><\/div><\/div><div class=\"wpb_column vc_column_container\"><div class=\"vc_column-inner\"><div class=\"w-person us_custom_9842740a layout_circle with_desc with_socials\" itemscope itemtype=\"https:\/\/schema.org\/Person\"><div class=\"w-person-image\"><img loading=\"lazy\" decoding=\"async\" width=\"200\" height=\"200\" src=\"https:\/\/karmer.hacettepe.edu.tr\/wp-content\/uploads\/2024\/12\/1733382492298.jpeg\" class=\"attachment-full size-full\" alt=\"\" srcset=\"https:\/\/karmer.hacettepe.edu.tr\/wp-content\/uploads\/2024\/12\/1733382492298.jpeg 200w, https:\/\/karmer.hacettepe.edu.tr\/wp-content\/uploads\/2024\/12\/1733382492298-150x150.jpeg 150w\" sizes=\"auto, (max-width: 200px) 100vw, 200px\" \/><div class=\"w-person-links\"><div class=\"w-person-links-list\"><a href=\"mailto:funda@hacettepe.edu.tr\" class=\"w-person-links-item type_email\" title=\"Email\"><i class=\"fas fa-envelope\"><\/i><\/a><\/div><\/div><\/div><div class=\"w-person-content\"><h6 itemprop=\"name\" class=\"w-person-name\"><span>Y\u00fck. M\u00fch. Funda Hanife \u00c7ET\u0130N<\/span><\/h6><div class=\"w-person-role\" itemprop=\"jobTitle\">M\u00fcd\u00fcr Yard\u0131mc\u0131s\u0131<\/div><div class=\"w-person-description\" itemprop=\"description\"><p>funda@hacettepe.edu.tr<\/p>\n<\/div><\/div><\/div><\/div><\/div><\/div><\/div><\/section><section class=\"l-section wpb_row height_small width_custom\" style=\"--site-content-width:600px;\"><div class=\"l-section-h i-cf\"><div class=\"g-cols vc_row via_grid cols_2 laptops-cols_inherit tablets-cols_inherit mobiles-cols_1 valign_top type_default stacking_default\"><div class=\"wpb_column vc_column_container\"><div class=\"vc_column-inner\"><div class=\"w-person us_custom_f4c5c449 layout_circle with_desc with_socials\" itemscope itemtype=\"https:\/\/schema.org\/Person\"><div class=\"w-person-image\"><img loading=\"lazy\" decoding=\"async\" width=\"300\" height=\"300\" src=\"https:\/\/karmer.hacettepe.edu.tr\/wp-content\/uploads\/2024\/12\/erdinc-bey-foto-e1734424439198-300x300.jpeg\" class=\"attachment-medium size-medium\" alt=\"\" srcset=\"https:\/\/karmer.hacettepe.edu.tr\/wp-content\/uploads\/2024\/12\/erdinc-bey-foto-e1734424439198-300x300.jpeg 300w, https:\/\/karmer.hacettepe.edu.tr\/wp-content\/uploads\/2024\/12\/erdinc-bey-foto-e1734424439198-1024x1024.jpeg 1024w, https:\/\/karmer.hacettepe.edu.tr\/wp-content\/uploads\/2024\/12\/erdinc-bey-foto-e1734424439198-150x150.jpeg 150w, https:\/\/karmer.hacettepe.edu.tr\/wp-content\/uploads\/2024\/12\/erdinc-bey-foto-e1734424439198.jpeg 1590w\" sizes=\"auto, (max-width: 300px) 100vw, 300px\" \/><div class=\"w-person-links\"><div class=\"w-person-links-list\"><a href=\"mailto:k.erdinc@hacettepe.edu.tr\" class=\"w-person-links-item type_email\" title=\"Email\"><i class=\"fas fa-envelope\"><\/i><\/a><\/div><\/div><\/div><div class=\"w-person-content\"><h6 itemprop=\"name\" class=\"w-person-name\"><span>Erdin\u00e7 KO\u00c7O\u011eLU<\/span><\/h6><div class=\"w-person-role\" itemprop=\"jobTitle\">\u0130dari Koordinat\u00f6r<\/div><div class=\"w-person-description\" itemprop=\"description\"><p>k.erdinc@hacettepe.edu.tr<\/p>\n<\/div><\/div><\/div><\/div><\/div><div class=\"wpb_column vc_column_container\"><div class=\"vc_column-inner\"><div class=\"w-person us_custom_f4c5c449 layout_circle with_desc with_socials\" itemscope itemtype=\"https:\/\/schema.org\/Person\"><div class=\"w-person-image\"><img loading=\"lazy\" decoding=\"async\" width=\"200\" height=\"200\" src=\"https:\/\/karmer.hacettepe.edu.tr\/wp-content\/uploads\/2024\/12\/ilhan-bey-foto.jpeg\" class=\"attachment-full size-full\" alt=\"\" srcset=\"https:\/\/karmer.hacettepe.edu.tr\/wp-content\/uploads\/2024\/12\/ilhan-bey-foto.jpeg 200w, https:\/\/karmer.hacettepe.edu.tr\/wp-content\/uploads\/2024\/12\/ilhan-bey-foto-150x150.jpeg 150w\" sizes=\"auto, (max-width: 200px) 100vw, 200px\" \/><div class=\"w-person-links\"><div class=\"w-person-links-list\"><a href=\"mailto:bilhan@hacettepe.edu.tr\" class=\"w-person-links-item type_email\" title=\"Email\"><i class=\"fas fa-envelope\"><\/i><\/a><\/div><\/div><\/div><div class=\"w-person-content\"><h6 itemprop=\"name\" class=\"w-person-name\"><span>\u0130lhan B\u00dcLB\u00dcL<\/span><\/h6><div class=\"w-person-role\" itemprop=\"jobTitle\">Bilgisayar \u0130\u015fletmeni<\/div><div class=\"w-person-description\" itemprop=\"description\"><p>bilhan@hacettepe.edu.tr<\/p>\n<\/div><\/div><\/div><\/div><\/div><\/div><\/div><\/section>","protected":false},"excerpt":{"rendered":"EkibimizDo\u00e7. Dr. M. Serhat \u00d6ZT\u00dcRKM\u00fcd\u00fcrsozturk@hacettepe.edu.tr Do\u00e7. Dr. Volkan I\u015eIKM\u00fcd\u00fcr Yard\u0131mc\u0131s\u0131volkani@hacettepe.edu.tr Y\u00fck. M\u00fch. Funda Hanife \u00c7ET\u0130NM\u00fcd\u00fcr Yard\u0131mc\u0131s\u0131funda@hacettepe.edu.tr Erdin\u00e7 KO\u00c7O\u011eLU\u0130dari Koordinat\u00f6rk.erdinc@hacettepe.edu.tr \u0130lhan B\u00dcLB\u00dcLBilgisayar \u0130\u015fletmenibilhan@hacettepe.edu.tr","protected":false},"author":1,"featured_media":441,"parent":0,"menu_order":0,"comment_status":"closed","ping_status":"closed","template":"","meta":{"footnotes":""},"class_list":["post-494","page","type-page","status-publish","has-post-thumbnail","hentry"],"acf":[],"yoast_head":"<!-- This site is optimized with the Yoast SEO plugin v24.0 - https:\/\/yoast.com\/wordpress\/plugins\/seo\/ -->\n<title>Ekibimiz - Hacettepe Kariyer Merkezi<\/title>\n<meta name=\"robots\" content=\"index, follow, max-snippet:-1, max-image-preview:large, max-video-preview:-1\" \/>\n<link rel=\"canonical\" href=\"https:\/\/karmer.hacettepe.edu.tr\/en\/ekibimiz\/\" \/>\n<meta property=\"og:locale\" content=\"en_US\" \/>\n<meta property=\"og:type\" content=\"article\" \/>\n<meta property=\"og:title\" content=\"Ekibimiz - Hacettepe Kariyer Merkezi\" \/>\n<meta property=\"og:url\" content=\"https:\/\/karmer.hacettepe.edu.tr\/en\/ekibimiz\/\" \/>\n<meta property=\"og:site_name\" content=\"Hacettepe Kariyer Merkezi\" \/>\n<meta property=\"article:modified_time\" content=\"2025-12-19T17:07:40+00:00\" \/>\n<meta property=\"og:image\" content=\"https:\/\/karmer.hacettepe.edu.tr\/wp-content\/uploads\/2024\/12\/icon.png\" \/>\n\t<meta property=\"og:image:width\" content=\"144\" \/>\n\t<meta property=\"og:image:height\" content=\"144\" \/>\n\t<meta property=\"og:image:type\" content=\"image\/png\" \/>\n<meta name=\"twitter:card\" content=\"summary_large_image\" \/>\n<meta name=\"twitter:label1\" content=\"Est. reading time\" \/>\n\t<meta name=\"twitter:data1\" content=\"1 minute\" \/>\n<script type=\"application\/ld+json\" class=\"yoast-schema-graph\">{\"@context\":\"https:\/\/schema.org\",\"@graph\":[{\"@type\":\"WebPage\",\"@id\":\"https:\/\/karmer.hacettepe.edu.tr\/ekibimiz\/\",\"url\":\"https:\/\/karmer.hacettepe.edu.tr\/ekibimiz\/\",\"name\":\"Ekibimiz - Hacettepe Kariyer Merkezi\",\"isPartOf\":{\"@id\":\"https:\/\/karmer.hacettepe.edu.tr\/#website\"},\"primaryImageOfPage\":{\"@id\":\"https:\/\/karmer.hacettepe.edu.tr\/ekibimiz\/#primaryimage\"},\"image\":{\"@id\":\"https:\/\/karmer.hacettepe.edu.tr\/ekibimiz\/#primaryimage\"},\"thumbnailUrl\":\"https:\/\/karmer.hacettepe.edu.tr\/wp-content\/uploads\/2024\/12\/icon.png\",\"datePublished\":\"2024-12-06T13:45:57+00:00\",\"dateModified\":\"2025-12-19T17:07:40+00:00\",\"breadcrumb\":{\"@id\":\"https:\/\/karmer.hacettepe.edu.tr\/ekibimiz\/#breadcrumb\"},\"inLanguage\":\"en-US\",\"potentialAction\":[{\"@type\":\"ReadAction\",\"target\":[\"https:\/\/karmer.hacettepe.edu.tr\/ekibimiz\/\"]}]},{\"@type\":\"ImageObject\",\"inLanguage\":\"en-US\",\"@id\":\"https:\/\/karmer.hacettepe.edu.tr\/ekibimiz\/#primaryimage\",\"url\":\"https:\/\/karmer.hacettepe.edu.tr\/wp-content\/uploads\/2024\/12\/icon.png\",\"contentUrl\":\"https:\/\/karmer.hacettepe.edu.tr\/wp-content\/uploads\/2024\/12\/icon.png\",\"width\":144,\"height\":144},{\"@type\":\"BreadcrumbList\",\"@id\":\"https:\/\/karmer.hacettepe.edu.tr\/ekibimiz\/#breadcrumb\",\"itemListElement\":[{\"@type\":\"ListItem\",\"position\":1,\"name\":\"Home\",\"item\":\"https:\/\/karmer.hacettepe.edu.tr\/\"},{\"@type\":\"ListItem\",\"position\":2,\"name\":\"Ekibimiz\"}]},{\"@type\":\"WebSite\",\"@id\":\"https:\/\/karmer.hacettepe.edu.tr\/#website\",\"url\":\"https:\/\/karmer.hacettepe.edu.tr\/\",\"name\":\"Hacettepe Kariyer Merkezi\",\"description\":\"\",\"potentialAction\":[{\"@type\":\"SearchAction\",\"target\":{\"@type\":\"EntryPoint\",\"urlTemplate\":\"https:\/\/karmer.hacettepe.edu.tr\/?s={search_term_string}\"},\"query-input\":{\"@type\":\"PropertyValueSpecification\",\"valueRequired\":true,\"valueName\":\"search_term_string\"}}],\"inLanguage\":\"en-US\"}]}<\/script>\n<!-- \/ Yoast SEO plugin. -->","yoast_head_json":{"title":"Ekibimiz - Hacettepe Kariyer Merkezi","robots":{"index":"index","follow":"follow","max-snippet":"max-snippet:-1","max-image-preview":"max-image-preview:large","max-video-preview":"max-video-preview:-1"},"canonical":"https:\/\/karmer.hacettepe.edu.tr\/en\/ekibimiz\/","og_locale":"en_US","og_type":"article","og_title":"Ekibimiz - Hacettepe Kariyer Merkezi","og_url":"https:\/\/karmer.hacettepe.edu.tr\/en\/ekibimiz\/","og_site_name":"Hacettepe Kariyer Merkezi","article_modified_time":"2025-12-19T17:07:40+00:00","og_image":[{"width":144,"height":144,"url":"https:\/\/karmer.hacettepe.edu.tr\/wp-content\/uploads\/2024\/12\/icon.png","type":"image\/png"}],"twitter_card":"summary_large_image","twitter_misc":{"Est. reading time":"1 minute"},"schema":{"@context":"https:\/\/schema.org","@graph":[{"@type":"WebPage","@id":"https:\/\/karmer.hacettepe.edu.tr\/ekibimiz\/","url":"https:\/\/karmer.hacettepe.edu.tr\/ekibimiz\/","name":"Ekibimiz - Hacettepe Kariyer Merkezi","isPartOf":{"@id":"https:\/\/karmer.hacettepe.edu.tr\/#website"},"primaryImageOfPage":{"@id":"https:\/\/karmer.hacettepe.edu.tr\/ekibimiz\/#primaryimage"},"image":{"@id":"https:\/\/karmer.hacettepe.edu.tr\/ekibimiz\/#primaryimage"},"thumbnailUrl":"https:\/\/karmer.hacettepe.edu.tr\/wp-content\/uploads\/2024\/12\/icon.png","datePublished":"2024-12-06T13:45:57+00:00","dateModified":"2025-12-19T17:07:40+00:00","breadcrumb":{"@id":"https:\/\/karmer.hacettepe.edu.tr\/ekibimiz\/#breadcrumb"},"inLanguage":"en-US","potentialAction":[{"@type":"ReadAction","target":["https:\/\/karmer.hacettepe.edu.tr\/ekibimiz\/"]}]},{"@type":"ImageObject","inLanguage":"en-US","@id":"https:\/\/karmer.hacettepe.edu.tr\/ekibimiz\/#primaryimage","url":"https:\/\/karmer.hacettepe.edu.tr\/wp-content\/uploads\/2024\/12\/icon.png","contentUrl":"https:\/\/karmer.hacettepe.edu.tr\/wp-content\/uploads\/2024\/12\/icon.png","width":144,"height":144},{"@type":"BreadcrumbList","@id":"https:\/\/karmer.hacettepe.edu.tr\/ekibimiz\/#breadcrumb","itemListElement":[{"@type":"ListItem","position":1,"name":"Home","item":"https:\/\/karmer.hacettepe.edu.tr\/"},{"@type":"ListItem","position":2,"name":"Ekibimiz"}]},{"@type":"WebSite","@id":"https:\/\/karmer.hacettepe.edu.tr\/#website","url":"https:\/\/karmer.hacettepe.edu.tr\/","name":"Hacettepe Kariyer Merkezi","description":"","potentialAction":[{"@type":"SearchAction","target":{"@type":"EntryPoint","urlTemplate":"https:\/\/karmer.hacettepe.edu.tr\/?s={search_term_string}"},"query-input":{"@type":"PropertyValueSpecification","valueRequired":true,"valueName":"search_term_string"}}],"inLanguage":"en-US"}]}},"_links":{"self":[{"href":"https:\/\/karmer.hacettepe.edu.tr\/en\/wp-json\/wp\/v2\/pages\/494","targetHints":{"allow":["GET"]}}],"collection":[{"href":"https:\/\/karmer.hacettepe.edu.tr\/en\/wp-json\/wp\/v2\/pages"}],"about":[{"href":"https:\/\/karmer.hacettepe.edu.tr\/en\/wp-json\/wp\/v2\/types\/page"}],"author":[{"embeddable":true,"href":"https:\/\/karmer.hacettepe.edu.tr\/en\/wp-json\/wp\/v2\/users\/1"}],"replies":[{"embeddable":true,"href":"https:\/\/karmer.hacettepe.edu.tr\/en\/wp-json\/wp\/v2\/comments?post=494"}],"version-history":[{"count":32,"href":"https:\/\/karmer.hacettepe.edu.tr\/en\/wp-json\/wp\/v2\/pages\/494\/revisions"}],"predecessor-version":[{"id":1623,"href":"https:\/\/karmer.hacettepe.edu.tr\/en\/wp-json\/wp\/v2\/pages\/494\/revisions\/1623"}],"wp:featuredmedia":[{"embeddable":true,"href":"https:\/\/karmer.hacettepe.edu.tr\/en\/wp-json\/wp\/v2\/media\/441"}],"wp:attachment":[{"href":"https:\/\/karmer.hacettepe.edu.tr\/en\/wp-json\/wp\/v2\/media?parent=494"}],"curies":[{"name":"wp","href":"https:\/\/api.w.org\/{rel}","templated":true}]}}