{"id":461,"date":"2024-12-05T15:19:49","date_gmt":"2024-12-05T12:19:49","guid":{"rendered":"https:\/\/karmer.hacettepe.edu.tr\/?page_id=461"},"modified":"2025-07-04T14:35:41","modified_gmt":"2025-07-04T11:35:41","slug":"kurumsal","status":"publish","type":"page","link":"https:\/\/karmer.hacettepe.edu.tr\/en\/kurumsal\/","title":{"rendered":"Instutional"},"content":{"rendered":"<section class=\"l-section wpb_row height_custom color_primary with_img\"><div class=\"l-section-img\" role=\"img\" data-img-width=\"1512\" data-img-height=\"500\" style=\"background-image: url(https:\/\/karmer.hacettepe.edu.tr\/wp-content\/uploads\/2024\/12\/headerkarmer.jpg);background-repeat: no-repeat;\"><\/div><div class=\"l-section-overlay\" style=\"background:rgba(15,19,31,0.50)\"><\/div><div class=\"l-section-h i-cf\"><div class=\"g-cols vc_row via_grid cols_1 laptops-cols_inherit tablets-cols_inherit mobiles-cols_1 valign_top type_default stacking_default\"><div class=\"wpb_column vc_column_container\"><div class=\"vc_column-inner\"><div class=\"wpb_text_column us_custom_eb849559\"><div class=\"wpb_wrapper\"><h1 style=\"text-align: center;\"><strong>About Us<\/strong><\/h1>\n<h5><strong>Hacettepe \u00dcniversitesi, Kariyer Geli\u015fimi Uygulama ve Ara\u015ft\u0131rma Merkezi (KARMER ) <\/strong><strong>2014 tarihinde kurulmu\u015ftur.<\/strong><\/h5>\n<h5><strong>The main purpose of KARMER is to support students in adapting to the transition to working life after university life and in finding jobs that are suitable for their characteristics after graduation.<\/strong><\/h5>\n<h5><strong><em>\u00a0<\/em><\/strong><\/h5>\n<h5><strong><em> \u00a0 \u00a0 \u00a0 \u00a0 \u00a0 \u00a0 \u00a0 \u00a0 \u00a0 \u00a0 \u00a0\u00a0<\/em><\/strong><\/h5>\n<\/div><\/div><div class=\"w-separator size_medium\"><\/div><\/div><\/div><\/div><\/div><\/section><section class=\"l-section wpb_row height_auto\"><div class=\"l-section-h i-cf\"><div class=\"g-cols vc_row via_grid cols_1 laptops-cols_inherit tablets-cols_inherit mobiles-cols_1 valign_top type_default stacking_default\"><div class=\"wpb_column vc_column_container\"><div class=\"vc_column-inner\"><div class=\"w-separator size_medium\"><\/div><\/div><\/div><\/div><\/div><\/section><section class=\"l-section wpb_row height_custom\"><div class=\"l-section-h i-cf\"><div class=\"g-cols vc_row via_grid cols_1 laptops-cols_inherit tablets-cols_inherit mobiles-cols_1 valign_top type_default stacking_default\"><div class=\"wpb_column vc_column_container\"><div class=\"vc_column-inner\"><div class=\"wpb_text_column\"><div class=\"wpb_wrapper\"><h3 style=\"text-align: center;\"><em><strong><a href=\"https:\/\/universitem.hacettepe.edu.tr\/kariyer-firsatlari\/\" target=\"_blank\" rel=\"noopener\">Hacettepe Career Opportunities<\/a><\/strong><\/em><\/h3>\n<\/div><\/div><div class=\"wpb_text_column\"><div class=\"wpb_wrapper\"><div class=\"wpb_text_column us_custom_76105640 has_text_color\">\n<div class=\"wpb_wrapper\">\n<p>Hacettepe University students graduate as well-educated, well-equipped and socially skilled individuals. Your relationship with Hacettepe University does not end when you receive your diploma. When you graduate from Hacettepe, you join a global alumni community of more than 180,000. Founders, artists, businessmen, musicians, world-renowned doctors, world-renowned scientists, writers, poets, politicians, leaders, filmmakers... Wherever you go in the world, when it is known that you are from Hacettepe University and that you come from Hacettepe, doors open and connections are made.<\/p>\n<\/div>\n<\/div>\n<div class=\"w-separator size_medium\"><\/div>\n<div class=\"w-image align_center\">\n<div class=\"w-image-h\"><img loading=\"lazy\" decoding=\"async\" class=\"attachment-full size-full\" src=\"https:\/\/universitem.hacettepe.edu.tr\/wp-content\/uploads\/2021\/04\/hakkinda03.jpg\" sizes=\"auto, (max-width: 1200px) 100vw, 1200px\" srcset=\"https:\/\/universitem.hacettepe.edu.tr\/wp-content\/uploads\/2021\/04\/hakkinda03.jpg 1200w, https:\/\/universitem.hacettepe.edu.tr\/wp-content\/uploads\/2021\/04\/hakkinda03-300x150.jpg 300w, https:\/\/universitem.hacettepe.edu.tr\/wp-content\/uploads\/2021\/04\/hakkinda03-1024x512.jpg 1024w\" alt=\"\" width=\"1200\" height=\"600\" \/><\/div>\n<\/div>\n<div class=\"w-separator size_medium\"><\/div>\n<div class=\"wpb_text_column us_custom_76105640 has_text_color\">\n<div class=\"wpb_wrapper\">\n<p>No matter which department you graduate from, the \u201cHacettepe diploma\u201d prepares you for a wide range of careers and Hacettepe University Career Development and Application Center (KARMER) helps you find the next best step. KARMER is a unit that supports students, graduates, academic and administrative staff to have a successful career, mediates the meeting of successful students and graduates, employers and alumni, and provides career development services within the university. The main purpose of KARMER is to help Hacettepe University students in their career planning; to help them adapt from high school to university, from university to working life and to help them settle in jobs suitable for their characteristics after graduation and to ensure the employment of Hacettepe University graduates at national\/international level.<\/p>\n<\/div>\n<\/div>\n<div class=\"w-separator size_medium\"><\/div>\n<div class=\"w-image align_center\">\n<div class=\"w-image-h\"><img loading=\"lazy\" decoding=\"async\" class=\"attachment-full size-full\" src=\"https:\/\/universitem.hacettepe.edu.tr\/wp-content\/uploads\/2021\/04\/hakkinda04.jpg\" sizes=\"auto, (max-width: 1200px) 100vw, 1200px\" srcset=\"https:\/\/universitem.hacettepe.edu.tr\/wp-content\/uploads\/2021\/04\/hakkinda04.jpg 1200w, https:\/\/universitem.hacettepe.edu.tr\/wp-content\/uploads\/2021\/04\/hakkinda04-300x150.jpg 300w, https:\/\/universitem.hacettepe.edu.tr\/wp-content\/uploads\/2021\/04\/hakkinda04-1024x512.jpg 1024w\" alt=\"\" width=\"1200\" height=\"600\" \/><\/div>\n<\/div>\n<div class=\"w-separator size_medium\"><\/div>\n<div class=\"wpb_text_column us_custom_136e3313 has_text_color\">\n<div class=\"wpb_wrapper\">\n<p>The Career Center supports students with their post-graduation plans. It helps students find jobs that match their goals. It provides one-to-one counseling on topics such as learning job search behaviors, preparing for job applications and job interviews, and writing a resume. It frequently brings students together with the leading organizations of different sectors every year, provides continuous support for them to have a successful career, and closely monitors processes that require them to gain external experience such as internships and workplace training.<\/p>\n<\/div>\n<\/div>\n<div class=\"w-separator size_medium\"><\/div>\n<div class=\"w-image align_center\">\n<div class=\"w-image-h\"><img loading=\"lazy\" decoding=\"async\" class=\"attachment-full size-full\" src=\"https:\/\/universitem.hacettepe.edu.tr\/wp-content\/uploads\/2021\/04\/hakkinda05.jpg\" sizes=\"auto, (max-width: 1200px) 100vw, 1200px\" srcset=\"https:\/\/universitem.hacettepe.edu.tr\/wp-content\/uploads\/2021\/04\/hakkinda05.jpg 1200w, https:\/\/universitem.hacettepe.edu.tr\/wp-content\/uploads\/2021\/04\/hakkinda05-300x150.jpg 300w, https:\/\/universitem.hacettepe.edu.tr\/wp-content\/uploads\/2021\/04\/hakkinda05-1024x512.jpg 1024w\" alt=\"\" width=\"1200\" height=\"600\" \/><\/div>\n<\/div>\n<div class=\"w-separator size_medium\"><\/div>\n<div class=\"wpb_text_column us_custom_136e3313 has_text_color\">\n<div class=\"wpb_wrapper\">\n<p>KARMER also provides career counseling services for university candidates. Using inventories based on the theoretical approaches adopted in the career centers of the world's best universities, candidates' interests, abilities and other personality traits are defined; information about undergraduate programs compatible with their characteristics is provided and they are helped to make a university decision with a holistic approach by taking into account their success ranking and other characteristics.<\/p>\n<\/div>\n<\/div>\n<\/div><\/div><\/div><\/div><\/div><\/div><\/section><section class=\"l-section wpb_row height_custom\"><div class=\"l-section-h i-cf\"><div class=\"g-cols vc_row via_grid cols_1 laptops-cols_inherit tablets-cols_inherit mobiles-cols_1 valign_top type_default stacking_default\"><div class=\"wpb_column vc_column_container\"><div class=\"vc_column-inner\"><div class=\"w-separator size_small\"><\/div><div class=\"w-separator size_small\"><\/div><\/div><\/div><\/div><\/div><\/section>","protected":false},"excerpt":{"rendered":"Hakk\u0131m\u0131zda Hacettepe \u00dcniversitesi, Kariyer Geli\u015fimi Uygulama ve Ara\u015ft\u0131rma Merkezi (KARMER ) 2014 tarihinde kurulmu\u015ftur. KARMER\u2019in temel amac\u0131 \u00f6\u011frencilerin \u00fcniversite hayat\u0131ndan sonra \u00e7al\u0131\u015fma hayat\u0131na ge\u00e7i\u015fte uyum sa\u011flayabilmeleri ve mezuniyet sonras\u0131nda kendi \u00f6zelliklerine uygun i\u015flere yerle\u015fmeleri konular\u0131nda destek olmakt\u0131r. \u00a0 \u00a0 \u00a0 \u00a0 \u00a0 \u00a0 \u00a0 \u00a0 \u00a0 \u00a0 \u00a0 \u00a0\u00a0 Hacettepe Kariyer F\u0131rsatlar\u0131 Hacettepe \u00dcniversitesi \u00f6\u011frencileri,...","protected":false},"author":1,"featured_media":441,"parent":0,"menu_order":0,"comment_status":"closed","ping_status":"closed","template":"","meta":{"footnotes":""},"class_list":["post-461","page","type-page","status-publish","has-post-thumbnail","hentry"],"acf":[],"yoast_head":"<!-- This site is optimized with the Yoast SEO plugin v24.0 - https:\/\/yoast.com\/wordpress\/plugins\/seo\/ -->\n<title>Kurumsal - Hacettepe Kariyer Merkezi<\/title>\n<meta name=\"robots\" content=\"index, follow, max-snippet:-1, max-image-preview:large, max-video-preview:-1\" \/>\n<link rel=\"canonical\" href=\"https:\/\/karmer.hacettepe.edu.tr\/en\/kurumsal\/\" \/>\n<meta property=\"og:locale\" content=\"en_US\" \/>\n<meta property=\"og:type\" content=\"article\" \/>\n<meta property=\"og:title\" content=\"Kurumsal - Hacettepe Kariyer Merkezi\" \/>\n<meta property=\"og:url\" content=\"https:\/\/karmer.hacettepe.edu.tr\/en\/kurumsal\/\" \/>\n<meta property=\"og:site_name\" content=\"Hacettepe Kariyer Merkezi\" \/>\n<meta property=\"article:modified_time\" content=\"2025-07-04T11:35:41+00:00\" \/>\n<meta property=\"og:image\" content=\"https:\/\/karmer.hacettepe.edu.tr\/wp-content\/uploads\/2024\/12\/icon.png\" \/>\n\t<meta property=\"og:image:width\" content=\"144\" \/>\n\t<meta property=\"og:image:height\" content=\"144\" \/>\n\t<meta property=\"og:image:type\" content=\"image\/png\" \/>\n<meta name=\"twitter:card\" content=\"summary_large_image\" \/>\n<meta name=\"twitter:label1\" content=\"Est. reading time\" \/>\n\t<meta name=\"twitter:data1\" content=\"3 minutes\" \/>\n<script type=\"application\/ld+json\" class=\"yoast-schema-graph\">{\"@context\":\"https:\/\/schema.org\",\"@graph\":[{\"@type\":\"WebPage\",\"@id\":\"https:\/\/karmer.hacettepe.edu.tr\/kurumsal\/\",\"url\":\"https:\/\/karmer.hacettepe.edu.tr\/kurumsal\/\",\"name\":\"Kurumsal - Hacettepe Kariyer Merkezi\",\"isPartOf\":{\"@id\":\"https:\/\/karmer.hacettepe.edu.tr\/#website\"},\"primaryImageOfPage\":{\"@id\":\"https:\/\/karmer.hacettepe.edu.tr\/kurumsal\/#primaryimage\"},\"image\":{\"@id\":\"https:\/\/karmer.hacettepe.edu.tr\/kurumsal\/#primaryimage\"},\"thumbnailUrl\":\"https:\/\/karmer.hacettepe.edu.tr\/wp-content\/uploads\/2024\/12\/icon.png\",\"datePublished\":\"2024-12-05T12:19:49+00:00\",\"dateModified\":\"2025-07-04T11:35:41+00:00\",\"breadcrumb\":{\"@id\":\"https:\/\/karmer.hacettepe.edu.tr\/kurumsal\/#breadcrumb\"},\"inLanguage\":\"en-US\",\"potentialAction\":[{\"@type\":\"ReadAction\",\"target\":[\"https:\/\/karmer.hacettepe.edu.tr\/kurumsal\/\"]}]},{\"@type\":\"ImageObject\",\"inLanguage\":\"en-US\",\"@id\":\"https:\/\/karmer.hacettepe.edu.tr\/kurumsal\/#primaryimage\",\"url\":\"https:\/\/karmer.hacettepe.edu.tr\/wp-content\/uploads\/2024\/12\/icon.png\",\"contentUrl\":\"https:\/\/karmer.hacettepe.edu.tr\/wp-content\/uploads\/2024\/12\/icon.png\",\"width\":144,\"height\":144},{\"@type\":\"BreadcrumbList\",\"@id\":\"https:\/\/karmer.hacettepe.edu.tr\/kurumsal\/#breadcrumb\",\"itemListElement\":[{\"@type\":\"ListItem\",\"position\":1,\"name\":\"Home\",\"item\":\"https:\/\/karmer.hacettepe.edu.tr\/\"},{\"@type\":\"ListItem\",\"position\":2,\"name\":\"Kurumsal\"}]},{\"@type\":\"WebSite\",\"@id\":\"https:\/\/karmer.hacettepe.edu.tr\/#website\",\"url\":\"https:\/\/karmer.hacettepe.edu.tr\/\",\"name\":\"Hacettepe Kariyer Merkezi\",\"description\":\"\",\"potentialAction\":[{\"@type\":\"SearchAction\",\"target\":{\"@type\":\"EntryPoint\",\"urlTemplate\":\"https:\/\/karmer.hacettepe.edu.tr\/?s={search_term_string}\"},\"query-input\":{\"@type\":\"PropertyValueSpecification\",\"valueRequired\":true,\"valueName\":\"search_term_string\"}}],\"inLanguage\":\"en-US\"}]}<\/script>\n<!-- \/ Yoast SEO plugin. -->","yoast_head_json":{"title":"Kurumsal - Hacettepe Kariyer Merkezi","robots":{"index":"index","follow":"follow","max-snippet":"max-snippet:-1","max-image-preview":"max-image-preview:large","max-video-preview":"max-video-preview:-1"},"canonical":"https:\/\/karmer.hacettepe.edu.tr\/en\/kurumsal\/","og_locale":"en_US","og_type":"article","og_title":"Kurumsal - Hacettepe Kariyer Merkezi","og_url":"https:\/\/karmer.hacettepe.edu.tr\/en\/kurumsal\/","og_site_name":"Hacettepe Kariyer Merkezi","article_modified_time":"2025-07-04T11:35:41+00:00","og_image":[{"width":144,"height":144,"url":"https:\/\/karmer.hacettepe.edu.tr\/wp-content\/uploads\/2024\/12\/icon.png","type":"image\/png"}],"twitter_card":"summary_large_image","twitter_misc":{"Est. reading time":"3 minutes"},"schema":{"@context":"https:\/\/schema.org","@graph":[{"@type":"WebPage","@id":"https:\/\/karmer.hacettepe.edu.tr\/kurumsal\/","url":"https:\/\/karmer.hacettepe.edu.tr\/kurumsal\/","name":"Kurumsal - Hacettepe Kariyer Merkezi","isPartOf":{"@id":"https:\/\/karmer.hacettepe.edu.tr\/#website"},"primaryImageOfPage":{"@id":"https:\/\/karmer.hacettepe.edu.tr\/kurumsal\/#primaryimage"},"image":{"@id":"https:\/\/karmer.hacettepe.edu.tr\/kurumsal\/#primaryimage"},"thumbnailUrl":"https:\/\/karmer.hacettepe.edu.tr\/wp-content\/uploads\/2024\/12\/icon.png","datePublished":"2024-12-05T12:19:49+00:00","dateModified":"2025-07-04T11:35:41+00:00","breadcrumb":{"@id":"https:\/\/karmer.hacettepe.edu.tr\/kurumsal\/#breadcrumb"},"inLanguage":"en-US","potentialAction":[{"@type":"ReadAction","target":["https:\/\/karmer.hacettepe.edu.tr\/kurumsal\/"]}]},{"@type":"ImageObject","inLanguage":"en-US","@id":"https:\/\/karmer.hacettepe.edu.tr\/kurumsal\/#primaryimage","url":"https:\/\/karmer.hacettepe.edu.tr\/wp-content\/uploads\/2024\/12\/icon.png","contentUrl":"https:\/\/karmer.hacettepe.edu.tr\/wp-content\/uploads\/2024\/12\/icon.png","width":144,"height":144},{"@type":"BreadcrumbList","@id":"https:\/\/karmer.hacettepe.edu.tr\/kurumsal\/#breadcrumb","itemListElement":[{"@type":"ListItem","position":1,"name":"Home","item":"https:\/\/karmer.hacettepe.edu.tr\/"},{"@type":"ListItem","position":2,"name":"Kurumsal"}]},{"@type":"WebSite","@id":"https:\/\/karmer.hacettepe.edu.tr\/#website","url":"https:\/\/karmer.hacettepe.edu.tr\/","name":"Hacettepe Kariyer Merkezi","description":"","potentialAction":[{"@type":"SearchAction","target":{"@type":"EntryPoint","urlTemplate":"https:\/\/karmer.hacettepe.edu.tr\/?s={search_term_string}"},"query-input":{"@type":"PropertyValueSpecification","valueRequired":true,"valueName":"search_term_string"}}],"inLanguage":"en-US"}]}},"_links":{"self":[{"href":"https:\/\/karmer.hacettepe.edu.tr\/en\/wp-json\/wp\/v2\/pages\/461","targetHints":{"allow":["GET"]}}],"collection":[{"href":"https:\/\/karmer.hacettepe.edu.tr\/en\/wp-json\/wp\/v2\/pages"}],"about":[{"href":"https:\/\/karmer.hacettepe.edu.tr\/en\/wp-json\/wp\/v2\/types\/page"}],"author":[{"embeddable":true,"href":"https:\/\/karmer.hacettepe.edu.tr\/en\/wp-json\/wp\/v2\/users\/1"}],"replies":[{"embeddable":true,"href":"https:\/\/karmer.hacettepe.edu.tr\/en\/wp-json\/wp\/v2\/comments?post=461"}],"version-history":[{"count":17,"href":"https:\/\/karmer.hacettepe.edu.tr\/en\/wp-json\/wp\/v2\/pages\/461\/revisions"}],"predecessor-version":[{"id":1428,"href":"https:\/\/karmer.hacettepe.edu.tr\/en\/wp-json\/wp\/v2\/pages\/461\/revisions\/1428"}],"wp:featuredmedia":[{"embeddable":true,"href":"https:\/\/karmer.hacettepe.edu.tr\/en\/wp-json\/wp\/v2\/media\/441"}],"wp:attachment":[{"href":"https:\/\/karmer.hacettepe.edu.tr\/en\/wp-json\/wp\/v2\/media?parent=461"}],"curies":[{"name":"wp","href":"https:\/\/api.w.org\/{rel}","templated":true}]}}