{"id":1247,"date":"2025-04-09T16:27:12","date_gmt":"2025-04-09T13:27:12","guid":{"rendered":"https:\/\/karmer.hacettepe.edu.tr\/?page_id=1247"},"modified":"2025-04-10T15:11:10","modified_gmt":"2025-04-10T12:11:10","slug":"kariyer-fuari-2025","status":"publish","type":"page","link":"https:\/\/karmer.hacettepe.edu.tr\/en\/kariyer-fuari-2025\/","title":{"rendered":"Kariyer Fuar\u0131 2025"},"content":{"rendered":"<p><strong>Hacettepe Kariyer Fuar\u0131 &#8217;25 Ba\u015far\u0131yla Ger\u00e7ekle\u015ftirildi<\/strong><\/p>\n<p><a href=\"https:\/\/kariyerfuari.hacettepe.edu.tr\/\">https:\/\/kariyerfuari.hacettepe.edu.tr\/<\/a><\/p>\n<p>Hacettepe \u00dcniversitesi Kariyer Geli\u015fimi Uygulama ve Ara\u015ft\u0131rma Merkezi taraf\u0131ndan, 7 \u00f6nde gelen \u00f6\u011frenci toplulu\u011funun katk\u0131lar\u0131yla bu y\u0131l 14.\u2019s\u00fc d\u00fczenlenen Hacettepe Kariyer Fuar\u0131, 27-28 \u015eubat 2025 tarihlerinde Beytepe Tun\u00e7alp \u00d6zgen Kongre ve K\u00fclt\u00fcr Merkezi\u2019nde ba\u015far\u0131yla ger\u00e7ekle\u015ftirilmi\u015ftir.<\/p>\n<p>Fuar kapsam\u0131nda 196 kurum ve kurulu\u015f ile 15.451 kat\u0131l\u0131mc\u0131 bir araya getirilmi\u015ftir. Kamu kurumlar\u0131ndan sivil toplum kurulu\u015flar\u0131na, ara\u015ft\u0131rma merkezlerinden teknokent firmalar\u0131na ve uluslararas\u0131 kurulu\u015flara kadar geni\u015f bir yelpazede yer alan payda\u015flar\u0131n kat\u0131l\u0131m\u0131, fuar\u0131n zenginli\u011fini ve etkisini art\u0131rm\u0131\u015ft\u0131r.<\/p>\n<p>Ankara ba\u015fta olmak \u00fczere farkl\u0131 illerden gelen \u00fcniversite \u00f6\u011frencileri ve mezunlar i\u00e7in istihdam ve staj olanaklar\u0131 sunulmu\u015ftur. Ziyaret\u00e7ilerin %23,3\u2019\u00fc farkl\u0131 \u00fcniversitelerden ve \u015fehirlerden kat\u0131l\u0131m sa\u011flam\u0131\u015ft\u0131r. Fuar s\u00fcresince 7 ana salon oturumu ve 23 at\u00f6lye \u00e7al\u0131\u015fmas\u0131 d\u00fczenlenmi\u015f; kat\u0131l\u0131mc\u0131lar, kariyer planlama s\u00fcre\u00e7lerine katk\u0131 sa\u011flayacak \u00e7ok y\u00f6nl\u00fc i\u00e7eriklere eri\u015fim sa\u011flam\u0131\u015ft\u0131r.<\/p>\n<p>Etkinlik sonras\u0131 al\u0131nan geri bildirimler do\u011frultusunda, kat\u0131l\u0131mc\u0131 ve kurum temsilcilerinin memnuniyet d\u00fczeyinin olduk\u00e7a y\u00fcksek oldu\u011fu g\u00f6zlemlenmi\u015ftir. Kurumsal temsilciler, organizasyonun profesyonelli\u011finden ve kat\u0131l\u0131mc\u0131 profilinin niteli\u011finden duyduklar\u0131 memnuniyeti ifade etmi\u015ftir.<\/p>\n<p>Hacettepe \u00dcniversitesi Rekt\u00f6r\u00fc Prof. Dr. Mehmet Cahit G\u00fcran ad\u0131na, Rekt\u00f6r Yard\u0131mc\u0131s\u0131 Prof. Dr. Sibel Aksu Y\u0131ld\u0131r\u0131m yapt\u0131\u011f\u0131 a\u00e7\u0131l\u0131\u015f konu\u015fmas\u0131nda; ba\u015fta ziyaret\u00e7iler ve firmalar olmak \u00fczere fuar\u0131n ger\u00e7ekle\u015fmesinde eme\u011fi ge\u00e7en t\u00fcm \u00f6\u011frencilere, Kariyer Merkezi \u00e7al\u0131\u015fanlar\u0131na, Hacettepe Rekt\u00f6r Yard\u0131mc\u0131lar\u0131na, Hacettepe Teknokent y\u00f6netimine, Genel Sekreterli\u011fe ve organizasyonun her a\u015famas\u0131nda katk\u0131 sunan t\u00fcm \u00fcniversite birimlerine te\u015fekk\u00fcr etmi\u015ftir.<\/p>\n<p>Hacettepe \u00dcniversitesi Kariyer Merkezi M\u00fcd\u00fcr\u00fc Do\u00e7. Dr. M. Serhat \u00d6zt\u00fcrk konu\u015fmas\u0131nda ise \u2018\u00dcniversitemizin ortak ak\u0131l ve i\u015f birli\u011fiyle b\u00fcy\u00fctt\u00fc\u011f\u00fc bu de\u011ferli etkinlik, Hacettepe\u2019nin \u00f6\u011frencilerine ve mezunlar\u0131na sundu\u011fu kariyer vizyonunun en somut \u00f6rneklerinden biri olmay\u0131 s\u00fcrd\u00fcrmektedir.\u2019 ifadelerini kullanm\u0131\u015ft\u0131r.<\/p>\n<p>Her ge\u00e7en y\u0131l b\u00fcy\u00fcyen ve geli\u015fen fuar\u0131m\u0131z\u0131n 15.&#8217;sinde g\u00f6r\u00fc\u015fmek \u00fczere.<\/p>\n<p><img loading=\"lazy\" decoding=\"async\" class=\"alignnone size-medium wp-image-1305\" src=\"https:\/\/karmer.hacettepe.edu.tr\/wp-content\/uploads\/2025\/04\/rektor-hoca-stand2-300x200.jpg\" alt=\"\" width=\"300\" height=\"200\" srcset=\"https:\/\/karmer.hacettepe.edu.tr\/wp-content\/uploads\/2025\/04\/rektor-hoca-stand2-300x200.jpg 300w, https:\/\/karmer.hacettepe.edu.tr\/wp-content\/uploads\/2025\/04\/rektor-hoca-stand2-1024x683.jpg 1024w, https:\/\/karmer.hacettepe.edu.tr\/wp-content\/uploads\/2025\/04\/rektor-hoca-stand2-18x12.jpg 18w, https:\/\/karmer.hacettepe.edu.tr\/wp-content\/uploads\/2025\/04\/rektor-hoca-stand2-scaled.jpg 1260w\" sizes=\"auto, (max-width: 300px) 100vw, 300px\" \/><img loading=\"lazy\" decoding=\"async\" class=\"alignnone size-medium wp-image-1297\" style=\"letter-spacing: 0em;\" src=\"https:\/\/karmer.hacettepe.edu.tr\/wp-content\/uploads\/2025\/04\/RTR_7077-min-300x200.jpg\" alt=\"\" width=\"300\" height=\"200\" srcset=\"https:\/\/karmer.hacettepe.edu.tr\/wp-content\/uploads\/2025\/04\/RTR_7077-min-300x200.jpg 300w, https:\/\/karmer.hacettepe.edu.tr\/wp-content\/uploads\/2025\/04\/RTR_7077-min-1024x683.jpg 1024w, https:\/\/karmer.hacettepe.edu.tr\/wp-content\/uploads\/2025\/04\/RTR_7077-min-18x12.jpg 18w, https:\/\/karmer.hacettepe.edu.tr\/wp-content\/uploads\/2025\/04\/RTR_7077-min-scaled.jpg 1260w\" sizes=\"auto, (max-width: 300px) 100vw, 300px\" \/>\u00a0 \u00a0 \u00a0 \u00a0 \u00a0 \u00a0<img loading=\"lazy\" decoding=\"async\" class=\"alignnone size-medium wp-image-1295\" style=\"letter-spacing: 0em;\" src=\"https:\/\/karmer.hacettepe.edu.tr\/wp-content\/uploads\/2025\/04\/serhat-200x300.jpg\" alt=\"\" width=\"200\" height=\"300\" srcset=\"https:\/\/karmer.hacettepe.edu.tr\/wp-content\/uploads\/2025\/04\/serhat-200x300.jpg 200w, https:\/\/karmer.hacettepe.edu.tr\/wp-content\/uploads\/2025\/04\/serhat-683x1024.jpg 683w, https:\/\/karmer.hacettepe.edu.tr\/wp-content\/uploads\/2025\/04\/serhat-8x12.jpg 8w, https:\/\/karmer.hacettepe.edu.tr\/wp-content\/uploads\/2025\/04\/serhat-scaled.jpg 840w\" sizes=\"auto, (max-width: 200px) 100vw, 200px\" \/>\u00a0 <img loading=\"lazy\" decoding=\"async\" class=\"alignnone size-medium wp-image-1306\" src=\"https:\/\/karmer.hacettepe.edu.tr\/wp-content\/uploads\/2025\/04\/sibel-hoca-7-mb-200x300.jpg\" alt=\"\" width=\"200\" height=\"300\" srcset=\"https:\/\/karmer.hacettepe.edu.tr\/wp-content\/uploads\/2025\/04\/sibel-hoca-7-mb-200x300.jpg 200w, https:\/\/karmer.hacettepe.edu.tr\/wp-content\/uploads\/2025\/04\/sibel-hoca-7-mb-683x1024.jpg 683w, https:\/\/karmer.hacettepe.edu.tr\/wp-content\/uploads\/2025\/04\/sibel-hoca-7-mb-8x12.jpg 8w, https:\/\/karmer.hacettepe.edu.tr\/wp-content\/uploads\/2025\/04\/sibel-hoca-7-mb-scaled.jpg 840w\" sizes=\"auto, (max-width: 200px) 100vw, 200px\" \/> \u00a0 \u00a0\u00a0<img loading=\"lazy\" decoding=\"async\" class=\"alignnone wp-image-1300\" style=\"letter-spacing: 0em;\" src=\"https:\/\/karmer.hacettepe.edu.tr\/wp-content\/uploads\/2025\/04\/toplu-foto-300x200.jpg\" alt=\"\" width=\"372\" height=\"248\" srcset=\"https:\/\/karmer.hacettepe.edu.tr\/wp-content\/uploads\/2025\/04\/toplu-foto-300x200.jpg 300w, https:\/\/karmer.hacettepe.edu.tr\/wp-content\/uploads\/2025\/04\/toplu-foto-1024x683.jpg 1024w, https:\/\/karmer.hacettepe.edu.tr\/wp-content\/uploads\/2025\/04\/toplu-foto-18x12.jpg 18w, https:\/\/karmer.hacettepe.edu.tr\/wp-content\/uploads\/2025\/04\/toplu-foto-scaled.jpg 1260w\" sizes=\"auto, (max-width: 372px) 100vw, 372px\" \/><img loading=\"lazy\" decoding=\"async\" class=\"alignnone wp-image-1293\" style=\"letter-spacing: 0em;\" src=\"https:\/\/karmer.hacettepe.edu.tr\/wp-content\/uploads\/2025\/04\/fuar-girisi-300x216.jpg\" alt=\"\" width=\"342\" height=\"246\" srcset=\"https:\/\/karmer.hacettepe.edu.tr\/wp-content\/uploads\/2025\/04\/fuar-girisi-300x216.jpg 300w, https:\/\/karmer.hacettepe.edu.tr\/wp-content\/uploads\/2025\/04\/fuar-girisi-1024x738.jpg 1024w, https:\/\/karmer.hacettepe.edu.tr\/wp-content\/uploads\/2025\/04\/fuar-girisi-18x12.jpg 18w, https:\/\/karmer.hacettepe.edu.tr\/wp-content\/uploads\/2025\/04\/fuar-girisi-scaled.jpg 1260w\" sizes=\"auto, (max-width: 342px) 100vw, 342px\" \/>\u00a0 \u00a0<img loading=\"lazy\" decoding=\"async\" class=\"alignnone wp-image-1294\" style=\"letter-spacing: 0em;\" src=\"https:\/\/karmer.hacettepe.edu.tr\/wp-content\/uploads\/2025\/04\/rektor-hoca-stand-300x200.jpg\" alt=\"\" width=\"324\" height=\"216\" srcset=\"https:\/\/karmer.hacettepe.edu.tr\/wp-content\/uploads\/2025\/04\/rektor-hoca-stand-300x200.jpg 300w, https:\/\/karmer.hacettepe.edu.tr\/wp-content\/uploads\/2025\/04\/rektor-hoca-stand-1024x683.jpg 1024w, https:\/\/karmer.hacettepe.edu.tr\/wp-content\/uploads\/2025\/04\/rektor-hoca-stand-18x12.jpg 18w, https:\/\/karmer.hacettepe.edu.tr\/wp-content\/uploads\/2025\/04\/rektor-hoca-stand-scaled.jpg 1260w\" sizes=\"auto, (max-width: 324px) 100vw, 324px\" \/><span style=\"letter-spacing: 0em;\">\u00a0<\/span><img loading=\"lazy\" decoding=\"async\" class=\"alignnone size-medium wp-image-1302\" style=\"letter-spacing: 0em;\" src=\"https:\/\/karmer.hacettepe.edu.tr\/wp-content\/uploads\/2025\/04\/fuar-girisi-1-300x216.jpg\" alt=\"\" width=\"300\" height=\"216\" srcset=\"https:\/\/karmer.hacettepe.edu.tr\/wp-content\/uploads\/2025\/04\/fuar-girisi-1-300x216.jpg 300w, https:\/\/karmer.hacettepe.edu.tr\/wp-content\/uploads\/2025\/04\/fuar-girisi-1-1024x738.jpg 1024w, https:\/\/karmer.hacettepe.edu.tr\/wp-content\/uploads\/2025\/04\/fuar-girisi-1-18x12.jpg 18w, https:\/\/karmer.hacettepe.edu.tr\/wp-content\/uploads\/2025\/04\/fuar-girisi-1-scaled.jpg 1260w\" sizes=\"auto, (max-width: 300px) 100vw, 300px\" \/><img loading=\"lazy\" decoding=\"async\" class=\"alignnone wp-image-1303\" style=\"letter-spacing: 0em;\" src=\"https:\/\/karmer.hacettepe.edu.tr\/wp-content\/uploads\/2025\/04\/IMG_8331-300x200.jpg\" alt=\"\" width=\"323\" height=\"215\" srcset=\"https:\/\/karmer.hacettepe.edu.tr\/wp-content\/uploads\/2025\/04\/IMG_8331-300x200.jpg 300w, https:\/\/karmer.hacettepe.edu.tr\/wp-content\/uploads\/2025\/04\/IMG_8331-1024x683.jpg 1024w, https:\/\/karmer.hacettepe.edu.tr\/wp-content\/uploads\/2025\/04\/IMG_8331-18x12.jpg 18w, https:\/\/karmer.hacettepe.edu.tr\/wp-content\/uploads\/2025\/04\/IMG_8331-scaled.jpg 1260w\" sizes=\"auto, (max-width: 323px) 100vw, 323px\" \/><img loading=\"lazy\" decoding=\"async\" class=\"alignnone size-medium wp-image-1304\" style=\"letter-spacing: 0em;\" src=\"https:\/\/karmer.hacettepe.edu.tr\/wp-content\/uploads\/2025\/04\/IMG_8259-300x200.jpg\" alt=\"\" width=\"300\" height=\"200\" srcset=\"https:\/\/karmer.hacettepe.edu.tr\/wp-content\/uploads\/2025\/04\/IMG_8259-300x200.jpg 300w, https:\/\/karmer.hacettepe.edu.tr\/wp-content\/uploads\/2025\/04\/IMG_8259-1024x683.jpg 1024w, https:\/\/karmer.hacettepe.edu.tr\/wp-content\/uploads\/2025\/04\/IMG_8259-18x12.jpg 18w, https:\/\/karmer.hacettepe.edu.tr\/wp-content\/uploads\/2025\/04\/IMG_8259-scaled.jpg 1260w\" sizes=\"auto, (max-width: 300px) 100vw, 300px\" \/><\/p>","protected":false},"excerpt":{"rendered":"<p>Hacettepe Kariyer Fuar\u0131 &#8217;25 Ba\u015far\u0131yla Ger\u00e7ekle\u015ftirildi https:\/\/kariyerfuari.hacettepe.edu.tr\/ Hacettepe \u00dcniversitesi Kariyer Geli\u015fimi Uygulama ve Ara\u015ft\u0131rma Merkezi taraf\u0131ndan, 7 \u00f6nde gelen \u00f6\u011frenci toplulu\u011funun katk\u0131lar\u0131yla bu y\u0131l 14.\u2019s\u00fc d\u00fczenlenen Hacettepe Kariyer Fuar\u0131, 27-28 \u015eubat 2025 tarihlerinde Beytepe Tun\u00e7alp \u00d6zgen Kongre ve K\u00fclt\u00fcr Merkezi\u2019nde ba\u015far\u0131yla ger\u00e7ekle\u015ftirilmi\u015ftir. Fuar kapsam\u0131nda 196 kurum ve kurulu\u015f ile 15.451 kat\u0131l\u0131mc\u0131 bir araya getirilmi\u015ftir. Kamu&#8230;<\/p>","protected":false},"author":3,"featured_media":1302,"parent":0,"menu_order":0,"comment_status":"closed","ping_status":"closed","template":"","meta":{"footnotes":""},"class_list":["post-1247","page","type-page","status-publish","has-post-thumbnail","hentry"],"acf":[],"yoast_head":"<!-- This site is optimized with the Yoast SEO plugin v24.0 - https:\/\/yoast.com\/wordpress\/plugins\/seo\/ -->\n<title>Kariyer Fuar\u0131 2025 - Hacettepe Kariyer Merkezi<\/title>\n<meta name=\"robots\" content=\"index, follow, max-snippet:-1, max-image-preview:large, max-video-preview:-1\" \/>\n<link rel=\"canonical\" href=\"https:\/\/karmer.hacettepe.edu.tr\/en\/kariyer-fuari-2025\/\" \/>\n<meta property=\"og:locale\" content=\"en_US\" \/>\n<meta property=\"og:type\" content=\"article\" \/>\n<meta property=\"og:title\" content=\"Kariyer Fuar\u0131 2025 - Hacettepe Kariyer Merkezi\" \/>\n<meta property=\"og:description\" content=\"Hacettepe Kariyer Fuar\u0131 &#8217;25 Ba\u015far\u0131yla Ger\u00e7ekle\u015ftirildi https:\/\/kariyerfuari.hacettepe.edu.tr\/ Hacettepe \u00dcniversitesi Kariyer Geli\u015fimi Uygulama ve Ara\u015ft\u0131rma Merkezi taraf\u0131ndan, 7 \u00f6nde gelen \u00f6\u011frenci toplulu\u011funun katk\u0131lar\u0131yla bu y\u0131l 14.\u2019s\u00fc d\u00fczenlenen Hacettepe Kariyer Fuar\u0131, 27-28 \u015eubat 2025 tarihlerinde Beytepe Tun\u00e7alp \u00d6zgen Kongre ve K\u00fclt\u00fcr Merkezi\u2019nde ba\u015far\u0131yla ger\u00e7ekle\u015ftirilmi\u015ftir. Fuar kapsam\u0131nda 196 kurum ve kurulu\u015f ile 15.451 kat\u0131l\u0131mc\u0131 bir araya getirilmi\u015ftir. Kamu...\" \/>\n<meta property=\"og:url\" content=\"https:\/\/karmer.hacettepe.edu.tr\/en\/kariyer-fuari-2025\/\" \/>\n<meta property=\"og:site_name\" content=\"Hacettepe Kariyer Merkezi\" \/>\n<meta property=\"article:modified_time\" content=\"2025-04-10T12:11:10+00:00\" \/>\n<meta property=\"og:image\" content=\"https:\/\/karmer.hacettepe.edu.tr\/wp-content\/uploads\/2025\/04\/fuar-girisi-1-scaled.jpg\" \/>\n\t<meta property=\"og:image:width\" content=\"1260\" \/>\n\t<meta property=\"og:image:height\" content=\"908\" \/>\n\t<meta property=\"og:image:type\" content=\"image\/jpeg\" \/>\n<meta name=\"twitter:card\" content=\"summary_large_image\" \/>\n<meta name=\"twitter:label1\" content=\"Est. reading time\" \/>\n\t<meta name=\"twitter:data1\" content=\"4 minutes\" \/>\n<script type=\"application\/ld+json\" class=\"yoast-schema-graph\">{\"@context\":\"https:\/\/schema.org\",\"@graph\":[{\"@type\":\"WebPage\",\"@id\":\"https:\/\/karmer.hacettepe.edu.tr\/kariyer-fuari-2025\/\",\"url\":\"https:\/\/karmer.hacettepe.edu.tr\/kariyer-fuari-2025\/\",\"name\":\"Kariyer Fuar\u0131 2025 - Hacettepe Kariyer Merkezi\",\"isPartOf\":{\"@id\":\"https:\/\/karmer.hacettepe.edu.tr\/#website\"},\"primaryImageOfPage\":{\"@id\":\"https:\/\/karmer.hacettepe.edu.tr\/kariyer-fuari-2025\/#primaryimage\"},\"image\":{\"@id\":\"https:\/\/karmer.hacettepe.edu.tr\/kariyer-fuari-2025\/#primaryimage\"},\"thumbnailUrl\":\"https:\/\/karmer.hacettepe.edu.tr\/wp-content\/uploads\/2025\/04\/fuar-girisi-1-scaled.jpg\",\"datePublished\":\"2025-04-09T13:27:12+00:00\",\"dateModified\":\"2025-04-10T12:11:10+00:00\",\"breadcrumb\":{\"@id\":\"https:\/\/karmer.hacettepe.edu.tr\/kariyer-fuari-2025\/#breadcrumb\"},\"inLanguage\":\"en-US\",\"potentialAction\":[{\"@type\":\"ReadAction\",\"target\":[\"https:\/\/karmer.hacettepe.edu.tr\/kariyer-fuari-2025\/\"]}]},{\"@type\":\"ImageObject\",\"inLanguage\":\"en-US\",\"@id\":\"https:\/\/karmer.hacettepe.edu.tr\/kariyer-fuari-2025\/#primaryimage\",\"url\":\"https:\/\/karmer.hacettepe.edu.tr\/wp-content\/uploads\/2025\/04\/fuar-girisi-1-scaled.jpg\",\"contentUrl\":\"https:\/\/karmer.hacettepe.edu.tr\/wp-content\/uploads\/2025\/04\/fuar-girisi-1-scaled.jpg\",\"width\":1260,\"height\":908},{\"@type\":\"BreadcrumbList\",\"@id\":\"https:\/\/karmer.hacettepe.edu.tr\/kariyer-fuari-2025\/#breadcrumb\",\"itemListElement\":[{\"@type\":\"ListItem\",\"position\":1,\"name\":\"Home\",\"item\":\"https:\/\/karmer.hacettepe.edu.tr\/\"},{\"@type\":\"ListItem\",\"position\":2,\"name\":\"Kariyer Fuar\u0131 2025\"}]},{\"@type\":\"WebSite\",\"@id\":\"https:\/\/karmer.hacettepe.edu.tr\/#website\",\"url\":\"https:\/\/karmer.hacettepe.edu.tr\/\",\"name\":\"Hacettepe Kariyer Merkezi\",\"description\":\"\",\"potentialAction\":[{\"@type\":\"SearchAction\",\"target\":{\"@type\":\"EntryPoint\",\"urlTemplate\":\"https:\/\/karmer.hacettepe.edu.tr\/?s={search_term_string}\"},\"query-input\":{\"@type\":\"PropertyValueSpecification\",\"valueRequired\":true,\"valueName\":\"search_term_string\"}}],\"inLanguage\":\"en-US\"}]}<\/script>\n<!-- \/ Yoast SEO plugin. -->","yoast_head_json":{"title":"Kariyer Fuar\u0131 2025 - Hacettepe Kariyer Merkezi","robots":{"index":"index","follow":"follow","max-snippet":"max-snippet:-1","max-image-preview":"max-image-preview:large","max-video-preview":"max-video-preview:-1"},"canonical":"https:\/\/karmer.hacettepe.edu.tr\/en\/kariyer-fuari-2025\/","og_locale":"en_US","og_type":"article","og_title":"Kariyer Fuar\u0131 2025 - Hacettepe Kariyer Merkezi","og_description":"Hacettepe Kariyer Fuar\u0131 &#8217;25 Ba\u015far\u0131yla Ger\u00e7ekle\u015ftirildi https:\/\/kariyerfuari.hacettepe.edu.tr\/ Hacettepe \u00dcniversitesi Kariyer Geli\u015fimi Uygulama ve Ara\u015ft\u0131rma Merkezi taraf\u0131ndan, 7 \u00f6nde gelen \u00f6\u011frenci toplulu\u011funun katk\u0131lar\u0131yla bu y\u0131l 14.\u2019s\u00fc d\u00fczenlenen Hacettepe Kariyer Fuar\u0131, 27-28 \u015eubat 2025 tarihlerinde Beytepe Tun\u00e7alp \u00d6zgen Kongre ve K\u00fclt\u00fcr Merkezi\u2019nde ba\u015far\u0131yla ger\u00e7ekle\u015ftirilmi\u015ftir. Fuar kapsam\u0131nda 196 kurum ve kurulu\u015f ile 15.451 kat\u0131l\u0131mc\u0131 bir araya getirilmi\u015ftir. Kamu...","og_url":"https:\/\/karmer.hacettepe.edu.tr\/en\/kariyer-fuari-2025\/","og_site_name":"Hacettepe Kariyer Merkezi","article_modified_time":"2025-04-10T12:11:10+00:00","og_image":[{"width":1260,"height":908,"url":"https:\/\/karmer.hacettepe.edu.tr\/wp-content\/uploads\/2025\/04\/fuar-girisi-1-scaled.jpg","type":"image\/jpeg"}],"twitter_card":"summary_large_image","twitter_misc":{"Est. reading time":"4 minutes"},"schema":{"@context":"https:\/\/schema.org","@graph":[{"@type":"WebPage","@id":"https:\/\/karmer.hacettepe.edu.tr\/kariyer-fuari-2025\/","url":"https:\/\/karmer.hacettepe.edu.tr\/kariyer-fuari-2025\/","name":"Kariyer Fuar\u0131 2025 - Hacettepe Kariyer Merkezi","isPartOf":{"@id":"https:\/\/karmer.hacettepe.edu.tr\/#website"},"primaryImageOfPage":{"@id":"https:\/\/karmer.hacettepe.edu.tr\/kariyer-fuari-2025\/#primaryimage"},"image":{"@id":"https:\/\/karmer.hacettepe.edu.tr\/kariyer-fuari-2025\/#primaryimage"},"thumbnailUrl":"https:\/\/karmer.hacettepe.edu.tr\/wp-content\/uploads\/2025\/04\/fuar-girisi-1-scaled.jpg","datePublished":"2025-04-09T13:27:12+00:00","dateModified":"2025-04-10T12:11:10+00:00","breadcrumb":{"@id":"https:\/\/karmer.hacettepe.edu.tr\/kariyer-fuari-2025\/#breadcrumb"},"inLanguage":"en-US","potentialAction":[{"@type":"ReadAction","target":["https:\/\/karmer.hacettepe.edu.tr\/kariyer-fuari-2025\/"]}]},{"@type":"ImageObject","inLanguage":"en-US","@id":"https:\/\/karmer.hacettepe.edu.tr\/kariyer-fuari-2025\/#primaryimage","url":"https:\/\/karmer.hacettepe.edu.tr\/wp-content\/uploads\/2025\/04\/fuar-girisi-1-scaled.jpg","contentUrl":"https:\/\/karmer.hacettepe.edu.tr\/wp-content\/uploads\/2025\/04\/fuar-girisi-1-scaled.jpg","width":1260,"height":908},{"@type":"BreadcrumbList","@id":"https:\/\/karmer.hacettepe.edu.tr\/kariyer-fuari-2025\/#breadcrumb","itemListElement":[{"@type":"ListItem","position":1,"name":"Home","item":"https:\/\/karmer.hacettepe.edu.tr\/"},{"@type":"ListItem","position":2,"name":"Kariyer Fuar\u0131 2025"}]},{"@type":"WebSite","@id":"https:\/\/karmer.hacettepe.edu.tr\/#website","url":"https:\/\/karmer.hacettepe.edu.tr\/","name":"Hacettepe Kariyer Merkezi","description":"","potentialAction":[{"@type":"SearchAction","target":{"@type":"EntryPoint","urlTemplate":"https:\/\/karmer.hacettepe.edu.tr\/?s={search_term_string}"},"query-input":{"@type":"PropertyValueSpecification","valueRequired":true,"valueName":"search_term_string"}}],"inLanguage":"en-US"}]}},"_links":{"self":[{"href":"https:\/\/karmer.hacettepe.edu.tr\/en\/wp-json\/wp\/v2\/pages\/1247","targetHints":{"allow":["GET"]}}],"collection":[{"href":"https:\/\/karmer.hacettepe.edu.tr\/en\/wp-json\/wp\/v2\/pages"}],"about":[{"href":"https:\/\/karmer.hacettepe.edu.tr\/en\/wp-json\/wp\/v2\/types\/page"}],"author":[{"embeddable":true,"href":"https:\/\/karmer.hacettepe.edu.tr\/en\/wp-json\/wp\/v2\/users\/3"}],"replies":[{"embeddable":true,"href":"https:\/\/karmer.hacettepe.edu.tr\/en\/wp-json\/wp\/v2\/comments?post=1247"}],"version-history":[{"count":5,"href":"https:\/\/karmer.hacettepe.edu.tr\/en\/wp-json\/wp\/v2\/pages\/1247\/revisions"}],"predecessor-version":[{"id":1308,"href":"https:\/\/karmer.hacettepe.edu.tr\/en\/wp-json\/wp\/v2\/pages\/1247\/revisions\/1308"}],"wp:featuredmedia":[{"embeddable":true,"href":"https:\/\/karmer.hacettepe.edu.tr\/en\/wp-json\/wp\/v2\/media\/1302"}],"wp:attachment":[{"href":"https:\/\/karmer.hacettepe.edu.tr\/en\/wp-json\/wp\/v2\/media?parent=1247"}],"curies":[{"name":"wp","href":"https:\/\/api.w.org\/{rel}","templated":true}]}}