{"id":1220,"date":"2025-04-09T15:40:26","date_gmt":"2025-04-09T12:40:26","guid":{"rendered":"https:\/\/karmer.hacettepe.edu.tr\/?page_id=1220"},"modified":"2025-04-09T15:43:05","modified_gmt":"2025-04-09T12:43:05","slug":"guncel-protokol-dokumanimiz","status":"publish","type":"page","link":"https:\/\/karmer.hacettepe.edu.tr\/en\/is-birligi-protokolleri\/guncel-protokol-dokumanimiz\/","title":{"rendered":"G\u00fcncel Protokol Dok\u00fcman\u0131m\u0131z"},"content":{"rendered":"<h2>G\u00fcncel Protokol Dok\u00fcman\u0131m\u0131z<\/h2>\n<p>\u00d6\u011frencilerin ve akademisyenlerin mesleki geli\u015fimlerini desteklemek ve sekt\u00f6rle etkile\u015fimlerini art\u0131rmak amac\u0131yla, \u00fcniversitemiz ile \u00e7e\u015fitli firmalar aras\u0131nda i\u015f birli\u011fi protokolleri imzalanmaktad\u0131r. Bu protokoller kapsam\u0131nda firmalar; staj, istihdam, e\u011fitim, etkinlik ve proje gibi alanlarda \u00e7e\u015fitli i\u015f birli\u011fi olanaklar\u0131 sunmaktad\u0131r.<\/p>\n<p>A\u015fa\u011f\u0131daki linklerden PDF ve DOCX bi\u00e7iminde dok\u00fcman\u0131m\u0131za eri\u015febilirsiniz.<\/p>\n<p>DOCX: <a href=\"https:\/\/karmer.hacettepe.edu.tr\/wp-content\/uploads\/2025\/04\/Hacettepe-Protokol-2025.docx\" target=\"_blank\" rel=\"noopener\">Hacettepe Protokol 2025<\/a><\/p>\n<p>PDF: <a href=\"https:\/\/karmer.hacettepe.edu.tr\/wp-content\/uploads\/2025\/04\/Hacettepe-Protokol-2025.pdf\" target=\"_blank\" rel=\"noopener\">Hacettepe Protokol 2025<\/a><\/p>","protected":false},"excerpt":{"rendered":"<p>G\u00fcncel Protokol Dok\u00fcman\u0131m\u0131z \u00d6\u011frencilerin ve akademisyenlerin mesleki geli\u015fimlerini desteklemek ve sekt\u00f6rle etkile\u015fimlerini art\u0131rmak amac\u0131yla, \u00fcniversitemiz ile \u00e7e\u015fitli firmalar aras\u0131nda i\u015f birli\u011fi protokolleri imzalanmaktad\u0131r. Bu protokoller kapsam\u0131nda firmalar; staj, istihdam, e\u011fitim, etkinlik ve proje gibi alanlarda \u00e7e\u015fitli i\u015f birli\u011fi olanaklar\u0131 sunmaktad\u0131r. A\u015fa\u011f\u0131daki linklerden PDF ve DOCX bi\u00e7iminde dok\u00fcman\u0131m\u0131za eri\u015febilirsiniz. DOCX: Hacettepe Protokol 2025 PDF: Hacettepe Protokol&#8230;<\/p>","protected":false},"author":3,"featured_media":0,"parent":538,"menu_order":0,"comment_status":"closed","ping_status":"closed","template":"","meta":{"footnotes":""},"class_list":["post-1220","page","type-page","status-publish","hentry"],"acf":[],"yoast_head":"<!-- This site is optimized with the Yoast SEO plugin v24.0 - https:\/\/yoast.com\/wordpress\/plugins\/seo\/ -->\n<title>G\u00fcncel Protokol Dok\u00fcman\u0131m\u0131z - Hacettepe Kariyer Merkezi<\/title>\n<meta name=\"description\" content=\"\u00d6\u011frencilerin ve akademisyenlerin mesleki geli\u015fimleri i\u00e7in, \u00fcniversitemiz ile \u00e7e\u015fitli firmalar aras\u0131nda protokoller imzalanmaktad\u0131r.\" \/>\n<meta name=\"robots\" content=\"index, follow, max-snippet:-1, max-image-preview:large, max-video-preview:-1\" \/>\n<link rel=\"canonical\" href=\"https:\/\/karmer.hacettepe.edu.tr\/en\/is-birligi-protokolleri\/guncel-protokol-dokumanimiz\/\" \/>\n<meta property=\"og:locale\" content=\"en_US\" \/>\n<meta property=\"og:type\" content=\"article\" \/>\n<meta property=\"og:title\" content=\"G\u00fcncel Protokol Dok\u00fcman\u0131m\u0131z - Hacettepe Kariyer Merkezi\" \/>\n<meta property=\"og:description\" content=\"\u00d6\u011frencilerin ve akademisyenlerin mesleki geli\u015fimleri i\u00e7in, \u00fcniversitemiz ile \u00e7e\u015fitli firmalar aras\u0131nda protokoller imzalanmaktad\u0131r.\" \/>\n<meta property=\"og:url\" content=\"https:\/\/karmer.hacettepe.edu.tr\/en\/is-birligi-protokolleri\/guncel-protokol-dokumanimiz\/\" \/>\n<meta property=\"og:site_name\" content=\"Hacettepe Kariyer Merkezi\" \/>\n<meta property=\"article:modified_time\" content=\"2025-04-09T12:43:05+00:00\" \/>\n<meta name=\"twitter:card\" content=\"summary_large_image\" \/>\n<meta name=\"twitter:label1\" content=\"Est. reading time\" \/>\n\t<meta name=\"twitter:data1\" content=\"1 minute\" \/>\n<script type=\"application\/ld+json\" class=\"yoast-schema-graph\">{\"@context\":\"https:\/\/schema.org\",\"@graph\":[{\"@type\":\"WebPage\",\"@id\":\"https:\/\/karmer.hacettepe.edu.tr\/is-birligi-protokolleri\/guncel-protokol-dokumanimiz\/\",\"url\":\"https:\/\/karmer.hacettepe.edu.tr\/is-birligi-protokolleri\/guncel-protokol-dokumanimiz\/\",\"name\":\"G\u00fcncel Protokol Dok\u00fcman\u0131m\u0131z - Hacettepe Kariyer Merkezi\",\"isPartOf\":{\"@id\":\"https:\/\/karmer.hacettepe.edu.tr\/#website\"},\"datePublished\":\"2025-04-09T12:40:26+00:00\",\"dateModified\":\"2025-04-09T12:43:05+00:00\",\"description\":\"\u00d6\u011frencilerin ve akademisyenlerin mesleki geli\u015fimleri i\u00e7in, \u00fcniversitemiz ile \u00e7e\u015fitli firmalar aras\u0131nda protokoller imzalanmaktad\u0131r.\",\"breadcrumb\":{\"@id\":\"https:\/\/karmer.hacettepe.edu.tr\/is-birligi-protokolleri\/guncel-protokol-dokumanimiz\/#breadcrumb\"},\"inLanguage\":\"en-US\",\"potentialAction\":[{\"@type\":\"ReadAction\",\"target\":[\"https:\/\/karmer.hacettepe.edu.tr\/is-birligi-protokolleri\/guncel-protokol-dokumanimiz\/\"]}]},{\"@type\":\"BreadcrumbList\",\"@id\":\"https:\/\/karmer.hacettepe.edu.tr\/is-birligi-protokolleri\/guncel-protokol-dokumanimiz\/#breadcrumb\",\"itemListElement\":[{\"@type\":\"ListItem\",\"position\":1,\"name\":\"Home\",\"item\":\"https:\/\/karmer.hacettepe.edu.tr\/\"},{\"@type\":\"ListItem\",\"position\":2,\"name\":\"\u0130\u015f Birli\u011fi Protokolleri\",\"item\":\"https:\/\/karmer.hacettepe.edu.tr\/is-birligi-protokolleri\/\"},{\"@type\":\"ListItem\",\"position\":3,\"name\":\"G\u00fcncel Protokol Dok\u00fcman\u0131m\u0131z\"}]},{\"@type\":\"WebSite\",\"@id\":\"https:\/\/karmer.hacettepe.edu.tr\/#website\",\"url\":\"https:\/\/karmer.hacettepe.edu.tr\/\",\"name\":\"Hacettepe Kariyer Merkezi\",\"description\":\"\",\"potentialAction\":[{\"@type\":\"SearchAction\",\"target\":{\"@type\":\"EntryPoint\",\"urlTemplate\":\"https:\/\/karmer.hacettepe.edu.tr\/?s={search_term_string}\"},\"query-input\":{\"@type\":\"PropertyValueSpecification\",\"valueRequired\":true,\"valueName\":\"search_term_string\"}}],\"inLanguage\":\"en-US\"}]}<\/script>\n<!-- \/ Yoast SEO plugin. -->","yoast_head_json":{"title":"G\u00fcncel Protokol Dok\u00fcman\u0131m\u0131z - Hacettepe Kariyer Merkezi","description":"\u00d6\u011frencilerin ve akademisyenlerin mesleki geli\u015fimleri i\u00e7in, \u00fcniversitemiz ile \u00e7e\u015fitli firmalar aras\u0131nda protokoller imzalanmaktad\u0131r.","robots":{"index":"index","follow":"follow","max-snippet":"max-snippet:-1","max-image-preview":"max-image-preview:large","max-video-preview":"max-video-preview:-1"},"canonical":"https:\/\/karmer.hacettepe.edu.tr\/en\/is-birligi-protokolleri\/guncel-protokol-dokumanimiz\/","og_locale":"en_US","og_type":"article","og_title":"G\u00fcncel Protokol Dok\u00fcman\u0131m\u0131z - Hacettepe Kariyer Merkezi","og_description":"\u00d6\u011frencilerin ve akademisyenlerin mesleki geli\u015fimleri i\u00e7in, \u00fcniversitemiz ile \u00e7e\u015fitli firmalar aras\u0131nda protokoller imzalanmaktad\u0131r.","og_url":"https:\/\/karmer.hacettepe.edu.tr\/en\/is-birligi-protokolleri\/guncel-protokol-dokumanimiz\/","og_site_name":"Hacettepe Kariyer Merkezi","article_modified_time":"2025-04-09T12:43:05+00:00","twitter_card":"summary_large_image","twitter_misc":{"Est. reading time":"1 minute"},"schema":{"@context":"https:\/\/schema.org","@graph":[{"@type":"WebPage","@id":"https:\/\/karmer.hacettepe.edu.tr\/is-birligi-protokolleri\/guncel-protokol-dokumanimiz\/","url":"https:\/\/karmer.hacettepe.edu.tr\/is-birligi-protokolleri\/guncel-protokol-dokumanimiz\/","name":"G\u00fcncel Protokol Dok\u00fcman\u0131m\u0131z - Hacettepe Kariyer Merkezi","isPartOf":{"@id":"https:\/\/karmer.hacettepe.edu.tr\/#website"},"datePublished":"2025-04-09T12:40:26+00:00","dateModified":"2025-04-09T12:43:05+00:00","description":"\u00d6\u011frencilerin ve akademisyenlerin mesleki geli\u015fimleri i\u00e7in, \u00fcniversitemiz ile \u00e7e\u015fitli firmalar aras\u0131nda protokoller imzalanmaktad\u0131r.","breadcrumb":{"@id":"https:\/\/karmer.hacettepe.edu.tr\/is-birligi-protokolleri\/guncel-protokol-dokumanimiz\/#breadcrumb"},"inLanguage":"en-US","potentialAction":[{"@type":"ReadAction","target":["https:\/\/karmer.hacettepe.edu.tr\/is-birligi-protokolleri\/guncel-protokol-dokumanimiz\/"]}]},{"@type":"BreadcrumbList","@id":"https:\/\/karmer.hacettepe.edu.tr\/is-birligi-protokolleri\/guncel-protokol-dokumanimiz\/#breadcrumb","itemListElement":[{"@type":"ListItem","position":1,"name":"Home","item":"https:\/\/karmer.hacettepe.edu.tr\/"},{"@type":"ListItem","position":2,"name":"\u0130\u015f Birli\u011fi Protokolleri","item":"https:\/\/karmer.hacettepe.edu.tr\/is-birligi-protokolleri\/"},{"@type":"ListItem","position":3,"name":"G\u00fcncel Protokol Dok\u00fcman\u0131m\u0131z"}]},{"@type":"WebSite","@id":"https:\/\/karmer.hacettepe.edu.tr\/#website","url":"https:\/\/karmer.hacettepe.edu.tr\/","name":"Hacettepe Kariyer Merkezi","description":"","potentialAction":[{"@type":"SearchAction","target":{"@type":"EntryPoint","urlTemplate":"https:\/\/karmer.hacettepe.edu.tr\/?s={search_term_string}"},"query-input":{"@type":"PropertyValueSpecification","valueRequired":true,"valueName":"search_term_string"}}],"inLanguage":"en-US"}]}},"_links":{"self":[{"href":"https:\/\/karmer.hacettepe.edu.tr\/en\/wp-json\/wp\/v2\/pages\/1220","targetHints":{"allow":["GET"]}}],"collection":[{"href":"https:\/\/karmer.hacettepe.edu.tr\/en\/wp-json\/wp\/v2\/pages"}],"about":[{"href":"https:\/\/karmer.hacettepe.edu.tr\/en\/wp-json\/wp\/v2\/types\/page"}],"author":[{"embeddable":true,"href":"https:\/\/karmer.hacettepe.edu.tr\/en\/wp-json\/wp\/v2\/users\/3"}],"replies":[{"embeddable":true,"href":"https:\/\/karmer.hacettepe.edu.tr\/en\/wp-json\/wp\/v2\/comments?post=1220"}],"version-history":[{"count":3,"href":"https:\/\/karmer.hacettepe.edu.tr\/en\/wp-json\/wp\/v2\/pages\/1220\/revisions"}],"predecessor-version":[{"id":1226,"href":"https:\/\/karmer.hacettepe.edu.tr\/en\/wp-json\/wp\/v2\/pages\/1220\/revisions\/1226"}],"up":[{"embeddable":true,"href":"https:\/\/karmer.hacettepe.edu.tr\/en\/wp-json\/wp\/v2\/pages\/538"}],"wp:attachment":[{"href":"https:\/\/karmer.hacettepe.edu.tr\/en\/wp-json\/wp\/v2\/media?parent=1220"}],"curies":[{"name":"wp","href":"https:\/\/api.w.org\/{rel}","templated":true}]}}