{"id":1197,"date":"2025-04-09T15:00:35","date_gmt":"2025-04-09T12:00:35","guid":{"rendered":"https:\/\/karmer.hacettepe.edu.tr\/?page_id=1197"},"modified":"2025-04-09T15:17:48","modified_gmt":"2025-04-09T12:17:48","slug":"mevcut-protokollerimiz","status":"publish","type":"page","link":"https:\/\/karmer.hacettepe.edu.tr\/en\/is-birligi-protokolleri\/mevcut-protokollerimiz\/","title":{"rendered":"Mevcut Protokollerimiz"},"content":{"rendered":"<h2>\u0130\u015f Birli\u011fi Protokolleri Hakk\u0131nda<\/h2>\n<p>\u00d6\u011frencilerin ve akademisyenlerin mesleki geli\u015fimlerini desteklemek ve sekt\u00f6rle etkile\u015fimlerini art\u0131rmak amac\u0131yla, \u00fcniversitemiz ile \u00e7e\u015fitli firmalar aras\u0131nda i\u015f birli\u011fi protokolleri imzalanmaktad\u0131r. Bu protokoller kapsam\u0131nda firmalar; staj, istihdam, e\u011fitim, etkinlik ve proje gibi alanlarda \u00e7e\u015fitli i\u015f birli\u011fi olanaklar\u0131 sunmaktad\u0131r.<\/p>\n<p>Protokollerin kapsam\u0131n\u0131 inceleyerek i\u015f birli\u011fi yap\u0131labilecek alanlara ili\u015fkin de\u011ferlendirme yapmak \u00fczere ilgili protokollere a\u015fa\u011f\u0131da eri\u015febilirsiniz.<\/p>\n\n<table id=\"tablepress-2\" class=\"tablepress tablepress-id-2\">\n<thead>\n<tr class=\"row-1\">\n\t<th class=\"column-1\">F\u0130RMA ADI<\/th><th class=\"column-2\">\u00dcLKES\u0130<\/th><th class=\"column-3\">\u0130MZA TAR\u0130H\u0130<\/th><th class=\"column-4\">SON GE\u00c7ERL\u0130L\u0130K TAR\u0130H\u0130<\/th><th class=\"column-5\">PROTOKOL BELGES\u0130<\/th>\n<\/tr>\n<\/thead>\n<tbody class=\"row-striping row-hover\">\n<tr class=\"row-2\">\n\t<td class=\"column-1\">Da\u011flar Kozmetik \u00dcr\u00fcnleri \u0130ml. ve G\u0131da San. Tic. A.\u015e. <\/td><td class=\"column-2\">T\u00dcRK\u0130YE<\/td><td class=\"column-3\">01\/10\/2025<\/td><td class=\"column-4\">01\/10\/2028<\/td><td class=\"column-5\"><a href=\"https:\/\/karmer.hacettepe.edu.tr\/wp-content\/uploads\/2025\/10\/Daglar-Kozmetik-Urunleri-Iml.-ve-Gida-San.-Tic.-A.S.-Protokolu-2.pdf\" target=\"_blank\">DA\u011eLAR KOZMET\u0130K<\/a><\/td>\n<\/tr>\n<tr class=\"row-3\">\n\t<td class=\"column-1\">TURKSAT UYDU HABERLE\u015eME KABLO TV VE \u0130\u015eLETME A.\u015e.<\/td><td class=\"column-2\">T\u00dcRK\u0130YE<\/td><td class=\"column-3\">20\/5\/2025<\/td><td class=\"column-4\">20\/5\/2028<\/td><td class=\"column-5\"><a href=\"https:\/\/karmer.hacettepe.edu.tr\/wp-content\/uploads\/2025\/08\/TURKSAT.pdf\" target=\"_blank\">TURKSAT<\/a><\/td>\n<\/tr>\n<tr class=\"row-4\">\n\t<td class=\"column-1\">MEDEX SA\u011eLIK VE TEKNOLOJ\u0130 \u00c7\u00d6Z\u00dcMLER\u0130 YATIRIM A.\u015e.<\/td><td class=\"column-2\">T\u00dcRK\u0130YE<\/td><td class=\"column-3\">10\/7\/2025<\/td><td class=\"column-4\">10\/7\/2028<\/td><td class=\"column-5\"><a href=\"https:\/\/karmer.hacettepe.edu.tr\/wp-content\/uploads\/2025\/07\/Medex.pdf\" target=\"_blank\">Medex<\/a><\/td>\n<\/tr>\n<tr class=\"row-5\">\n\t<td class=\"column-1\">TR MEKATRON\u0130K S\u0130STEMLER SAN. VE T\u0130C. A.\u015e.<\/td><td class=\"column-2\">T\u00dcRK\u0130YE<\/td><td class=\"column-3\">21\/4\/2025<\/td><td class=\"column-4\">21\/4\/2028<\/td><td class=\"column-5\"><a href=\"https:\/\/karmer.hacettepe.edu.tr\/wp-content\/uploads\/2025\/06\/TR-MEKATRONIK.pdf\">TR MEKATRON\u0130K<\/a><\/td>\n<\/tr>\n<tr class=\"row-6\">\n\t<td class=\"column-1\">PETLAS<\/td><td class=\"column-2\">T\u00dcRK\u0130YE<\/td><td class=\"column-3\">11\/29\/2024<\/td><td class=\"column-4\">11\/29\/2027<\/td><td class=\"column-5\"><a href=\"https:\/\/karmer.hacettepe.edu.tr\/wp-content\/uploads\/2025\/04\/Petlas.pdf\" target=\"_blank\">Petlas<\/a><\/td>\n<\/tr>\n<tr class=\"row-7\">\n\t<td class=\"column-1\">CEERI CRO TIBB\u0130 KL\u0130N\u0130K ARA\u015eT.ORG LTD \u015eT\u0130<\/td><td class=\"column-2\">T\u00dcRK\u0130YE<\/td><td class=\"column-3\">6\/26\/2024<\/td><td class=\"column-4\">6\/26\/2027<\/td><td class=\"column-5\"><a href=\"https:\/\/karmer.hacettepe.edu.tr\/wp-content\/uploads\/2025\/04\/Ceeri-Cro-Tibbi-Klinik.pdf\" target=\"_blank\">Ceer\u0131 Cro T\u0131bbi Klinik<\/a><\/td>\n<\/tr>\n<tr class=\"row-8\">\n\t<td class=\"column-1\">NUROL HOLD\u0130NG<\/td><td class=\"column-2\">T\u00dcRK\u0130YE<\/td><td class=\"column-3\">6\/24\/2024<\/td><td class=\"column-4\">6\/24\/2027<\/td><td class=\"column-5\"><a href=\"https:\/\/karmer.hacettepe.edu.tr\/wp-content\/uploads\/2025\/04\/Nurol-Holding.pdf\" target=\"_blank\">Nurol Holding<\/a><\/td>\n<\/tr>\n<tr class=\"row-9\">\n\t<td class=\"column-1\">HAYAT HOLD\u0130NG<\/td><td class=\"column-2\">T\u00dcRK\u0130YE<\/td><td class=\"column-3\">8\/3\/2023<\/td><td class=\"column-4\">8\/3\/2026<\/td><td class=\"column-5\"><a href=\"https:\/\/karmer.hacettepe.edu.tr\/wp-content\/uploads\/2025\/04\/Hayat-Holding.pdf\" target=\"_blank\">Hayat Holding<\/a><\/td>\n<\/tr>\n<tr class=\"row-10\">\n\t<td class=\"column-1\">TUSA\u015e (T\u00fcrk Havac\u0131l\u0131k ve Uzay Sanayi A.\u015e)<\/td><td class=\"column-2\">T\u00dcRK\u0130YE<\/td><td class=\"column-3\">7\/7\/2023<\/td><td class=\"column-4\">7\/7\/2028<\/td><td class=\"column-5\"><a href=\"https:\/\/karmer.hacettepe.edu.tr\/wp-content\/uploads\/2025\/04\/TUSAS.pdf\" target=\"_blank\">TUSA\u015e<\/a><\/td>\n<\/tr>\n<tr class=\"row-11\">\n\t<td class=\"column-1\">BIONTECH <\/td><td class=\"column-2\">T\u00dcRK\u0130YE<\/td><td class=\"column-3\">7\/3\/2023<\/td><td class=\"column-4\">7\/3\/2027<\/td><td class=\"column-5\"><a href=\"https:\/\/karmer.hacettepe.edu.tr\/wp-content\/uploads\/2025\/04\/Biontech.pdf\" target=\"_blank\">Biontech<\/a><a <\/td>\n<\/tr>\n<\/tbody>\n<\/table>\n<!-- #tablepress-2 from cache -->\n<p>&nbsp;<\/p>\n<p>&nbsp;<\/p>\n<p>&nbsp;<\/p>","protected":false},"excerpt":{"rendered":"<p>\u0130\u015f Birli\u011fi Protokolleri Hakk\u0131nda \u00d6\u011frencilerin ve akademisyenlerin mesleki geli\u015fimlerini desteklemek ve sekt\u00f6rle etkile\u015fimlerini art\u0131rmak amac\u0131yla, \u00fcniversitemiz ile \u00e7e\u015fitli firmalar aras\u0131nda i\u015f birli\u011fi protokolleri imzalanmaktad\u0131r. Bu protokoller kapsam\u0131nda firmalar; staj, istihdam, e\u011fitim, etkinlik ve proje gibi alanlarda \u00e7e\u015fitli i\u015f birli\u011fi olanaklar\u0131 sunmaktad\u0131r. Protokollerin kapsam\u0131n\u0131 inceleyerek i\u015f birli\u011fi yap\u0131labilecek alanlara ili\u015fkin de\u011ferlendirme yapmak \u00fczere ilgili protokollere a\u015fa\u011f\u0131da&#8230;<\/p>","protected":false},"author":3,"featured_media":0,"parent":538,"menu_order":0,"comment_status":"closed","ping_status":"closed","template":"","meta":{"footnotes":""},"class_list":["post-1197","page","type-page","status-publish","hentry"],"acf":[],"yoast_head":"<!-- This site is optimized with the Yoast SEO plugin v24.0 - https:\/\/yoast.com\/wordpress\/plugins\/seo\/ -->\n<title>Mevcut Protokollerimiz - Hacettepe Kariyer Merkezi<\/title>\n<meta name=\"description\" content=\"Hacettepe \u00dcniversitesi KARMER olarak g\u00fcncel ve mevcut protokollerimize bu sayfadan eri\u015febilir, linkler ile inceleyebilirsiniz.\" \/>\n<meta name=\"robots\" content=\"index, follow, max-snippet:-1, max-image-preview:large, max-video-preview:-1\" \/>\n<link rel=\"canonical\" href=\"https:\/\/karmer.hacettepe.edu.tr\/en\/is-birligi-protokolleri\/mevcut-protokollerimiz\/\" \/>\n<meta property=\"og:locale\" content=\"en_US\" \/>\n<meta property=\"og:type\" content=\"article\" \/>\n<meta property=\"og:title\" content=\"Mevcut Protokollerimiz - Hacettepe Kariyer Merkezi\" \/>\n<meta property=\"og:description\" content=\"Hacettepe \u00dcniversitesi KARMER olarak g\u00fcncel ve mevcut protokollerimize bu sayfadan eri\u015febilir, linkler ile inceleyebilirsiniz.\" \/>\n<meta property=\"og:url\" content=\"https:\/\/karmer.hacettepe.edu.tr\/en\/is-birligi-protokolleri\/mevcut-protokollerimiz\/\" \/>\n<meta property=\"og:site_name\" content=\"Hacettepe Kariyer Merkezi\" \/>\n<meta property=\"article:modified_time\" content=\"2025-04-09T12:17:48+00:00\" \/>\n<meta name=\"twitter:card\" content=\"summary_large_image\" \/>\n<meta name=\"twitter:label1\" content=\"Est. reading time\" \/>\n\t<meta name=\"twitter:data1\" content=\"1 minute\" \/>\n<script type=\"application\/ld+json\" class=\"yoast-schema-graph\">{\"@context\":\"https:\/\/schema.org\",\"@graph\":[{\"@type\":\"WebPage\",\"@id\":\"https:\/\/karmer.hacettepe.edu.tr\/is-birligi-protokolleri\/mevcut-protokollerimiz\/\",\"url\":\"https:\/\/karmer.hacettepe.edu.tr\/is-birligi-protokolleri\/mevcut-protokollerimiz\/\",\"name\":\"Mevcut Protokollerimiz - Hacettepe Kariyer Merkezi\",\"isPartOf\":{\"@id\":\"https:\/\/karmer.hacettepe.edu.tr\/#website\"},\"datePublished\":\"2025-04-09T12:00:35+00:00\",\"dateModified\":\"2025-04-09T12:17:48+00:00\",\"description\":\"Hacettepe \u00dcniversitesi KARMER olarak g\u00fcncel ve mevcut protokollerimize bu sayfadan eri\u015febilir, linkler ile inceleyebilirsiniz.\",\"breadcrumb\":{\"@id\":\"https:\/\/karmer.hacettepe.edu.tr\/is-birligi-protokolleri\/mevcut-protokollerimiz\/#breadcrumb\"},\"inLanguage\":\"en-US\",\"potentialAction\":[{\"@type\":\"ReadAction\",\"target\":[\"https:\/\/karmer.hacettepe.edu.tr\/is-birligi-protokolleri\/mevcut-protokollerimiz\/\"]}]},{\"@type\":\"BreadcrumbList\",\"@id\":\"https:\/\/karmer.hacettepe.edu.tr\/is-birligi-protokolleri\/mevcut-protokollerimiz\/#breadcrumb\",\"itemListElement\":[{\"@type\":\"ListItem\",\"position\":1,\"name\":\"Home\",\"item\":\"https:\/\/karmer.hacettepe.edu.tr\/\"},{\"@type\":\"ListItem\",\"position\":2,\"name\":\"\u0130\u015f Birli\u011fi Protokolleri\",\"item\":\"https:\/\/karmer.hacettepe.edu.tr\/is-birligi-protokolleri\/\"},{\"@type\":\"ListItem\",\"position\":3,\"name\":\"Mevcut Protokollerimiz\"}]},{\"@type\":\"WebSite\",\"@id\":\"https:\/\/karmer.hacettepe.edu.tr\/#website\",\"url\":\"https:\/\/karmer.hacettepe.edu.tr\/\",\"name\":\"Hacettepe Kariyer Merkezi\",\"description\":\"\",\"potentialAction\":[{\"@type\":\"SearchAction\",\"target\":{\"@type\":\"EntryPoint\",\"urlTemplate\":\"https:\/\/karmer.hacettepe.edu.tr\/?s={search_term_string}\"},\"query-input\":{\"@type\":\"PropertyValueSpecification\",\"valueRequired\":true,\"valueName\":\"search_term_string\"}}],\"inLanguage\":\"en-US\"}]}<\/script>\n<!-- \/ Yoast SEO plugin. -->","yoast_head_json":{"title":"Mevcut Protokollerimiz - Hacettepe Kariyer Merkezi","description":"Hacettepe \u00dcniversitesi KARMER olarak g\u00fcncel ve mevcut protokollerimize bu sayfadan eri\u015febilir, linkler ile inceleyebilirsiniz.","robots":{"index":"index","follow":"follow","max-snippet":"max-snippet:-1","max-image-preview":"max-image-preview:large","max-video-preview":"max-video-preview:-1"},"canonical":"https:\/\/karmer.hacettepe.edu.tr\/en\/is-birligi-protokolleri\/mevcut-protokollerimiz\/","og_locale":"en_US","og_type":"article","og_title":"Mevcut Protokollerimiz - Hacettepe Kariyer Merkezi","og_description":"Hacettepe \u00dcniversitesi KARMER olarak g\u00fcncel ve mevcut protokollerimize bu sayfadan eri\u015febilir, linkler ile inceleyebilirsiniz.","og_url":"https:\/\/karmer.hacettepe.edu.tr\/en\/is-birligi-protokolleri\/mevcut-protokollerimiz\/","og_site_name":"Hacettepe Kariyer Merkezi","article_modified_time":"2025-04-09T12:17:48+00:00","twitter_card":"summary_large_image","twitter_misc":{"Est. reading time":"1 minute"},"schema":{"@context":"https:\/\/schema.org","@graph":[{"@type":"WebPage","@id":"https:\/\/karmer.hacettepe.edu.tr\/is-birligi-protokolleri\/mevcut-protokollerimiz\/","url":"https:\/\/karmer.hacettepe.edu.tr\/is-birligi-protokolleri\/mevcut-protokollerimiz\/","name":"Mevcut Protokollerimiz - Hacettepe Kariyer Merkezi","isPartOf":{"@id":"https:\/\/karmer.hacettepe.edu.tr\/#website"},"datePublished":"2025-04-09T12:00:35+00:00","dateModified":"2025-04-09T12:17:48+00:00","description":"Hacettepe \u00dcniversitesi KARMER olarak g\u00fcncel ve mevcut protokollerimize bu sayfadan eri\u015febilir, linkler ile inceleyebilirsiniz.","breadcrumb":{"@id":"https:\/\/karmer.hacettepe.edu.tr\/is-birligi-protokolleri\/mevcut-protokollerimiz\/#breadcrumb"},"inLanguage":"en-US","potentialAction":[{"@type":"ReadAction","target":["https:\/\/karmer.hacettepe.edu.tr\/is-birligi-protokolleri\/mevcut-protokollerimiz\/"]}]},{"@type":"BreadcrumbList","@id":"https:\/\/karmer.hacettepe.edu.tr\/is-birligi-protokolleri\/mevcut-protokollerimiz\/#breadcrumb","itemListElement":[{"@type":"ListItem","position":1,"name":"Home","item":"https:\/\/karmer.hacettepe.edu.tr\/"},{"@type":"ListItem","position":2,"name":"\u0130\u015f Birli\u011fi Protokolleri","item":"https:\/\/karmer.hacettepe.edu.tr\/is-birligi-protokolleri\/"},{"@type":"ListItem","position":3,"name":"Mevcut Protokollerimiz"}]},{"@type":"WebSite","@id":"https:\/\/karmer.hacettepe.edu.tr\/#website","url":"https:\/\/karmer.hacettepe.edu.tr\/","name":"Hacettepe Kariyer Merkezi","description":"","potentialAction":[{"@type":"SearchAction","target":{"@type":"EntryPoint","urlTemplate":"https:\/\/karmer.hacettepe.edu.tr\/?s={search_term_string}"},"query-input":{"@type":"PropertyValueSpecification","valueRequired":true,"valueName":"search_term_string"}}],"inLanguage":"en-US"}]}},"_links":{"self":[{"href":"https:\/\/karmer.hacettepe.edu.tr\/en\/wp-json\/wp\/v2\/pages\/1197","targetHints":{"allow":["GET"]}}],"collection":[{"href":"https:\/\/karmer.hacettepe.edu.tr\/en\/wp-json\/wp\/v2\/pages"}],"about":[{"href":"https:\/\/karmer.hacettepe.edu.tr\/en\/wp-json\/wp\/v2\/types\/page"}],"author":[{"embeddable":true,"href":"https:\/\/karmer.hacettepe.edu.tr\/en\/wp-json\/wp\/v2\/users\/3"}],"replies":[{"embeddable":true,"href":"https:\/\/karmer.hacettepe.edu.tr\/en\/wp-json\/wp\/v2\/comments?post=1197"}],"version-history":[{"count":2,"href":"https:\/\/karmer.hacettepe.edu.tr\/en\/wp-json\/wp\/v2\/pages\/1197\/revisions"}],"predecessor-version":[{"id":1206,"href":"https:\/\/karmer.hacettepe.edu.tr\/en\/wp-json\/wp\/v2\/pages\/1197\/revisions\/1206"}],"up":[{"embeddable":true,"href":"https:\/\/karmer.hacettepe.edu.tr\/en\/wp-json\/wp\/v2\/pages\/538"}],"wp:attachment":[{"href":"https:\/\/karmer.hacettepe.edu.tr\/en\/wp-json\/wp\/v2\/media?parent=1197"}],"curies":[{"name":"wp","href":"https:\/\/api.w.org\/{rel}","templated":true}]}}