{"id":1186,"date":"2025-03-27T12:58:34","date_gmt":"2025-03-27T09:58:34","guid":{"rendered":"https:\/\/karmer.hacettepe.edu.tr\/?page_id=1186"},"modified":"2026-04-11T08:56:48","modified_gmt":"2026-04-11T05:56:48","slug":"kismi-zamanli-calisan-ogrencilerimiz","status":"publish","type":"page","link":"https:\/\/karmer.hacettepe.edu.tr\/en\/kismi-zamanli-calisan-ogrencilerimiz\/","title":{"rendered":"\u00c7al\u0131\u015fan \u00d6\u011frencilerimiz"},"content":{"rendered":"<p>\u015eevval TAY\u00a0 \u00a0 \u00a0 \u00a0 \u00a0 \u00a0 \u00a0 \u00a0 (\u0130\u015fkur Gen\u00e7lik Program\u0131)<\/p>\n<p>Ahmet Semerci\u00a0 \u00a0 \u00a0 \u00a0 (\u0130\u015fkur Gen\u00e7lik Program\u0131)<\/p>\n<p>Akile Nur Tosun\u00a0 \u00a0 \u00a0 \u00a0(K\u0131smi Zamanl\u0131 \u00c7al\u0131\u015fan)<\/p>\n<p>&nbsp;<\/p>","protected":false},"excerpt":{"rendered":"<p>\u015eevval TAY\u00a0 \u00a0 \u00a0 \u00a0 \u00a0 \u00a0 \u00a0 \u00a0 (\u0130\u015fkur Gen\u00e7lik Program\u0131) Ahmet Semerci\u00a0 \u00a0 \u00a0 \u00a0 (\u0130\u015fkur Gen\u00e7lik Program\u0131) Akile Nur Tosun\u00a0 \u00a0 \u00a0 \u00a0(K\u0131smi Zamanl\u0131 \u00c7al\u0131\u015fan) &nbsp;<\/p>","protected":false},"author":1,"featured_media":0,"parent":0,"menu_order":0,"comment_status":"closed","ping_status":"closed","template":"","meta":{"footnotes":""},"class_list":["post-1186","page","type-page","status-publish","hentry"],"acf":[],"yoast_head":"<!-- This site is optimized with the Yoast SEO plugin v24.0 - https:\/\/yoast.com\/wordpress\/plugins\/seo\/ -->\n<title>\u00c7al\u0131\u015fan \u00d6\u011frencilerimiz - Hacettepe Kariyer Merkezi<\/title>\n<meta name=\"robots\" content=\"index, follow, max-snippet:-1, max-image-preview:large, max-video-preview:-1\" \/>\n<link rel=\"canonical\" href=\"https:\/\/karmer.hacettepe.edu.tr\/en\/kismi-zamanli-calisan-ogrencilerimiz\/\" \/>\n<meta property=\"og:locale\" content=\"en_US\" \/>\n<meta property=\"og:type\" content=\"article\" \/>\n<meta property=\"og:title\" content=\"\u00c7al\u0131\u015fan \u00d6\u011frencilerimiz - Hacettepe Kariyer Merkezi\" \/>\n<meta property=\"og:description\" content=\"\u015eevval TAY\u00a0 \u00a0 \u00a0 \u00a0 \u00a0 \u00a0 \u00a0 \u00a0 (\u0130\u015fkur Gen\u00e7lik Program\u0131) Ahmet Semerci\u00a0 \u00a0 \u00a0 \u00a0 (\u0130\u015fkur Gen\u00e7lik Program\u0131) Akile Nur Tosun\u00a0 \u00a0 \u00a0 \u00a0(K\u0131smi Zamanl\u0131 \u00c7al\u0131\u015fan) &nbsp;\" \/>\n<meta property=\"og:url\" content=\"https:\/\/karmer.hacettepe.edu.tr\/en\/kismi-zamanli-calisan-ogrencilerimiz\/\" \/>\n<meta property=\"og:site_name\" content=\"Hacettepe Kariyer Merkezi\" \/>\n<meta property=\"article:modified_time\" content=\"2026-04-11T05:56:48+00:00\" \/>\n<meta name=\"twitter:card\" content=\"summary_large_image\" \/>\n<meta name=\"twitter:label1\" content=\"Est. reading time\" \/>\n\t<meta name=\"twitter:data1\" content=\"1 minute\" \/>\n<script type=\"application\/ld+json\" class=\"yoast-schema-graph\">{\"@context\":\"https:\/\/schema.org\",\"@graph\":[{\"@type\":\"WebPage\",\"@id\":\"https:\/\/karmer.hacettepe.edu.tr\/kismi-zamanli-calisan-ogrencilerimiz\/\",\"url\":\"https:\/\/karmer.hacettepe.edu.tr\/kismi-zamanli-calisan-ogrencilerimiz\/\",\"name\":\"\u00c7al\u0131\u015fan \u00d6\u011frencilerimiz - Hacettepe Kariyer Merkezi\",\"isPartOf\":{\"@id\":\"https:\/\/karmer.hacettepe.edu.tr\/#website\"},\"datePublished\":\"2025-03-27T09:58:34+00:00\",\"dateModified\":\"2026-04-11T05:56:48+00:00\",\"breadcrumb\":{\"@id\":\"https:\/\/karmer.hacettepe.edu.tr\/kismi-zamanli-calisan-ogrencilerimiz\/#breadcrumb\"},\"inLanguage\":\"en-US\",\"potentialAction\":[{\"@type\":\"ReadAction\",\"target\":[\"https:\/\/karmer.hacettepe.edu.tr\/kismi-zamanli-calisan-ogrencilerimiz\/\"]}]},{\"@type\":\"BreadcrumbList\",\"@id\":\"https:\/\/karmer.hacettepe.edu.tr\/kismi-zamanli-calisan-ogrencilerimiz\/#breadcrumb\",\"itemListElement\":[{\"@type\":\"ListItem\",\"position\":1,\"name\":\"Home\",\"item\":\"https:\/\/karmer.hacettepe.edu.tr\/\"},{\"@type\":\"ListItem\",\"position\":2,\"name\":\"\u00c7al\u0131\u015fan \u00d6\u011frencilerimiz\"}]},{\"@type\":\"WebSite\",\"@id\":\"https:\/\/karmer.hacettepe.edu.tr\/#website\",\"url\":\"https:\/\/karmer.hacettepe.edu.tr\/\",\"name\":\"Hacettepe Kariyer Merkezi\",\"description\":\"\",\"potentialAction\":[{\"@type\":\"SearchAction\",\"target\":{\"@type\":\"EntryPoint\",\"urlTemplate\":\"https:\/\/karmer.hacettepe.edu.tr\/?s={search_term_string}\"},\"query-input\":{\"@type\":\"PropertyValueSpecification\",\"valueRequired\":true,\"valueName\":\"search_term_string\"}}],\"inLanguage\":\"en-US\"}]}<\/script>\n<!-- \/ Yoast SEO plugin. -->","yoast_head_json":{"title":"\u00c7al\u0131\u015fan \u00d6\u011frencilerimiz - Hacettepe Kariyer Merkezi","robots":{"index":"index","follow":"follow","max-snippet":"max-snippet:-1","max-image-preview":"max-image-preview:large","max-video-preview":"max-video-preview:-1"},"canonical":"https:\/\/karmer.hacettepe.edu.tr\/en\/kismi-zamanli-calisan-ogrencilerimiz\/","og_locale":"en_US","og_type":"article","og_title":"\u00c7al\u0131\u015fan \u00d6\u011frencilerimiz - Hacettepe Kariyer Merkezi","og_description":"\u015eevval TAY\u00a0 \u00a0 \u00a0 \u00a0 \u00a0 \u00a0 \u00a0 \u00a0 (\u0130\u015fkur Gen\u00e7lik Program\u0131) Ahmet Semerci\u00a0 \u00a0 \u00a0 \u00a0 (\u0130\u015fkur Gen\u00e7lik Program\u0131) Akile Nur Tosun\u00a0 \u00a0 \u00a0 \u00a0(K\u0131smi Zamanl\u0131 \u00c7al\u0131\u015fan) &nbsp;","og_url":"https:\/\/karmer.hacettepe.edu.tr\/en\/kismi-zamanli-calisan-ogrencilerimiz\/","og_site_name":"Hacettepe Kariyer Merkezi","article_modified_time":"2026-04-11T05:56:48+00:00","twitter_card":"summary_large_image","twitter_misc":{"Est. reading time":"1 minute"},"schema":{"@context":"https:\/\/schema.org","@graph":[{"@type":"WebPage","@id":"https:\/\/karmer.hacettepe.edu.tr\/kismi-zamanli-calisan-ogrencilerimiz\/","url":"https:\/\/karmer.hacettepe.edu.tr\/kismi-zamanli-calisan-ogrencilerimiz\/","name":"\u00c7al\u0131\u015fan \u00d6\u011frencilerimiz - Hacettepe Kariyer Merkezi","isPartOf":{"@id":"https:\/\/karmer.hacettepe.edu.tr\/#website"},"datePublished":"2025-03-27T09:58:34+00:00","dateModified":"2026-04-11T05:56:48+00:00","breadcrumb":{"@id":"https:\/\/karmer.hacettepe.edu.tr\/kismi-zamanli-calisan-ogrencilerimiz\/#breadcrumb"},"inLanguage":"en-US","potentialAction":[{"@type":"ReadAction","target":["https:\/\/karmer.hacettepe.edu.tr\/kismi-zamanli-calisan-ogrencilerimiz\/"]}]},{"@type":"BreadcrumbList","@id":"https:\/\/karmer.hacettepe.edu.tr\/kismi-zamanli-calisan-ogrencilerimiz\/#breadcrumb","itemListElement":[{"@type":"ListItem","position":1,"name":"Home","item":"https:\/\/karmer.hacettepe.edu.tr\/"},{"@type":"ListItem","position":2,"name":"\u00c7al\u0131\u015fan \u00d6\u011frencilerimiz"}]},{"@type":"WebSite","@id":"https:\/\/karmer.hacettepe.edu.tr\/#website","url":"https:\/\/karmer.hacettepe.edu.tr\/","name":"Hacettepe Kariyer Merkezi","description":"","potentialAction":[{"@type":"SearchAction","target":{"@type":"EntryPoint","urlTemplate":"https:\/\/karmer.hacettepe.edu.tr\/?s={search_term_string}"},"query-input":{"@type":"PropertyValueSpecification","valueRequired":true,"valueName":"search_term_string"}}],"inLanguage":"en-US"}]}},"_links":{"self":[{"href":"https:\/\/karmer.hacettepe.edu.tr\/en\/wp-json\/wp\/v2\/pages\/1186","targetHints":{"allow":["GET"]}}],"collection":[{"href":"https:\/\/karmer.hacettepe.edu.tr\/en\/wp-json\/wp\/v2\/pages"}],"about":[{"href":"https:\/\/karmer.hacettepe.edu.tr\/en\/wp-json\/wp\/v2\/types\/page"}],"author":[{"embeddable":true,"href":"https:\/\/karmer.hacettepe.edu.tr\/en\/wp-json\/wp\/v2\/users\/1"}],"replies":[{"embeddable":true,"href":"https:\/\/karmer.hacettepe.edu.tr\/en\/wp-json\/wp\/v2\/comments?post=1186"}],"version-history":[{"count":7,"href":"https:\/\/karmer.hacettepe.edu.tr\/en\/wp-json\/wp\/v2\/pages\/1186\/revisions"}],"predecessor-version":[{"id":1736,"href":"https:\/\/karmer.hacettepe.edu.tr\/en\/wp-json\/wp\/v2\/pages\/1186\/revisions\/1736"}],"wp:attachment":[{"href":"https:\/\/karmer.hacettepe.edu.tr\/en\/wp-json\/wp\/v2\/media?parent=1186"}],"curies":[{"name":"wp","href":"https:\/\/api.w.org\/{rel}","templated":true}]}}